{"id":1006,"date":"2020-12-19T10:51:33","date_gmt":"2020-12-19T10:51:33","guid":{"rendered":"https:\/\/www.nemeaneteges.cat\/sobre-nosotros\/"},"modified":"2022-12-27T11:45:25","modified_gmt":"2022-12-27T11:45:25","slug":"sobre-nosotros","status":"publish","type":"page","link":"https:\/\/www.nemeaneteges.cat\/es\/sobre-nosotros\/","title":{"rendered":"Sobre nosotros"},"content":{"rendered":"<div class=\"wpb-content-wrapper\"><p>[vc_row no_padding=\u00bbyes\u00bb el_class=\u00bbpc-section-shape-background py-5&#8243; css=\u00bb.vc_custom_1608375578442{background-color: #f7f7f7 !important;}\u00bb][vc_column]<div class=\"porto-container container position-relative z-index-2 my-5 \">[vc_row_inner content_placement=\u00bbmiddle\u00bb][vc_column_inner el_class=\u00bbpe-lg-5 mb-4 mb-lg-0&#8243; offset=\u00bbvc_col-md-6&#8243;][vc_single_image image=\u00bb879&#8243; img_size=\u00bbfull\u00bb animation_delay=\u00bb200&#8243; el_class=\u00bbmb-0 box-shadow-3&#8243; animation_type=\u00bbfadeInLeft\u00bb][\/vc_column_inner][vc_column_inner animation_delay=\u00bb500&#8243; offset=\u00bbvc_col-md-6&#8243; animation_type=\u00bbfadeInLeft\u00bb][vc_custom_heading text=\u00bbNEMEA &#8211; LIMPIEZAS INDUSTRIALES\u00bb font_container=\u00bbtag:h3|font_size:1.2em|text_align:left|line_height:42px\u00bb use_theme_fonts=\u00bbyes\u00bb font_weight=\u00bb500&#8243; skin=\u00bbprimary\u00bb letter_spacing=\u00bb2.5px\u00bb animation_delay=\u00bb\u00bb el_class=\u00bbmb-0&#8243;][vc_custom_heading text=\u00bbNemea limpiezas industriales es una empresa de limpieza de alta calidad, desde ind\u00fastrias hasta comercios.\u00bb font_container=\u00bbtag:h2|font_size:2.5em|text_align:left|line_height:1.2&#8243; use_theme_fonts=\u00bbyes\u00bb font_weight=\u00bb700&#8243; animation_delay=\u00bb\u00bb el_class=\u00bbmb-3&#8243;][vc_custom_heading text=\u00bb\u00bb font_container=\u00bbtag:p|font_size:1.4em|text_align:left|line_height:1.7&#8243; use_theme_fonts=\u00bbyes\u00bb animation_delay=\u00bb\u00bb el_class=\u00bbcustom-font1 pb-3 mb-4&#8243;][vc_custom_heading text=\u00bbNemea Limpiezas S.L. es una empresa ubicada en Amposta que se especializa en servicios de limpieza industriales y conservaci\u00f3n de edificios.<br \/>\nCon m\u00e1s de 12 a\u00f1os de experiencia, nuestro foco siempre ha estado, y seguir\u00e1 estando, en el cliente. Por ese motivo, nuestra energ\u00eda se transforma en soluciones eficaces, \u00e1giles y flexibles.\u00bb font_container=\u00bbtag:p|text_align:left\u00bb use_theme_fonts=\u00bbyes\u00bb el_class=\u00bbmb-0&#8243;][\/vc_column_inner][\/vc_row_inner]<\/div>[\/vc_column][\/vc_row][vc_row no_padding=\u00bbyes\u00bb el_class=\u00bbpc-section-shape-background shape-reverse py-5&#8243; css=\u00bb.vc_custom_1608376009226{background-color: #f7f7f7 !important;}\u00bb][vc_column]<div class=\"porto-container container position-relative z-index-2 my-5 \">[vc_row_inner content_placement=\u00bbmiddle\u00bb][vc_column_inner el_class=\u00bbps-lg-5 mb-4 mb-lg-0 order-lg-1&#8243; animation_delay=\u00bb\u00bb offset=\u00bbvc_col-md-6&#8243;][vc_single_image image=\u00bb882&#8243; img_size=\u00bbfull\u00bb animation_delay=\u00bb500&#8243; el_class=\u00bbmb-0 box-shadow-3&#8243; animation_type=\u00bbfadeInRight\u00bb][\/vc_column_inner][vc_column_inner animation_delay=\u00bb200&#8243; offset=\u00bbvc_col-md-6&#8243; animation_type=\u00bbfadeInRight\u00bb][vc_custom_heading text=\u00bbSobre nosotros\u00bb font_container=\u00bbtag:h3|font_size:1.2em|text_align:left|line_height:42px\u00bb use_theme_fonts=\u00bbyes\u00bb font_weight=\u00bb500&#8243; skin=\u00bbprimary\u00bb letter_spacing=\u00bb2.5px\u00bb animation_delay=\u00bb\u00bb el_class=\u00bbmb-0&#8243;][vc_custom_heading text=\u00bbQui\u00e9nes somos\u00bb font_container=\u00bbtag:h2|font_size:2.5em|text_align:left|line_height:1.2&#8243; use_theme_fonts=\u00bbyes\u00bb font_weight=\u00bb700&#8243; animation_delay=\u00bb\u00bb el_class=\u00bbmb-3&#8243;][vc_custom_heading text=\u00bbDisponemos de los equipos t\u00e9cnicos m\u00e1s punteros y del personal cualificado con las destrezas necesarias para llevar a cabo con \u00e9xito una variedad de t\u00e9cnicas de limpieza.\u00bb font_container=\u00bbtag:p|font_size:1.4em|text_align:left|line_height:1.7&#8243; use_theme_fonts=\u00bbyes\u00bb animation_delay=\u00bb\u00bb el_class=\u00bbcustom-font1 pb-3 mb-4&#8243;][vc_custom_heading text=\u00bbTe brindamos una limpieza integral para cuidar tus instalaciones, con la cual te aseguramos que lograr\u00e1s causar una buena imagen y una c\u00e1lida sensaci\u00f3n. Este servicio se distingue por erradicar los pat\u00f3genos imperceptibles al ojo humano, yendo m\u00e1s all\u00e1 de lo superficial.<br \/>\nNos comprometemos a acatar las normativas, velar por la seguridad e integridad de las personas, generar valor a\u00f1adido, y regirnos por los principios de celeridad, calidad, mejora continua y confianza para cumplir con nuestro cometido.\u00bb font_container=\u00bbtag:p|text_align:left\u00bb use_theme_fonts=\u00bbyes\u00bb el_class=\u00bbmb-0&#8243;][\/vc_column_inner][\/vc_row_inner]<\/div>[\/vc_column][\/vc_row][vc_row wrap_container=\u00bbyes\u00bb el_class=\u00bbbackground-color-light position-relative z-index-2 py-5&#8243;][vc_column el_class=\u00bbpt-3 mt-5&#8243; conditional_render=\u00bb%5B%7B%22value_role%22%3A%22administrator%22%7D%5D\u00bb]<div class=\"porto-animation overflow-hidden\" >[vc_custom_heading text=\u00bbNUESTRO PROP\u00d3SITO\u00bb font_container=\u00bbtag:h3|font_size:1.2em|text_align:center|line_height:42px\u00bb use_theme_fonts=\u00bbyes\u00bb font_weight=\u00bb500&#8243; skin=\u00bbprimary\u00bb letter_spacing=\u00bb2.5px\u00bb animation_delay=\u00bb200&#8243; el_class=\u00bbmb-0&#8243; animation_type=\u00bbmaskUp\u00bb]<\/div><div class=\"porto-animation overflow-hidden mb-3\" >[vc_custom_heading text=\u00bbMisi\u00f3n, visi\u00f3n y valores\u00bb font_container=\u00bbtag:h2|font_size:2.5em|text_align:center|line_height:1.2&#8243; use_theme_fonts=\u00bbyes\u00bb font_weight=\u00bb700&#8243; animation_delay=\u00bb500&#8243; el_class=\u00bbmb-0&#8243; animation_type=\u00bbmaskUp\u00bb]<\/div>[vc_custom_heading text=\u00bbNuestra misi\u00f3n es ofrecer una limpieza y mantenimiento profesional satisfaciendo as\u00ed las necesidades espec\u00edficas de nuestros clientes, mediante la mejora continua de nuestros servicios y buscando en todo momento la excelencia.\u00bb font_container=\u00bbtag:p|font_size:1.4em|text_align:center|line_height:1.7&#8243; use_theme_fonts=\u00bbyes\u00bb animation_delay=\u00bb600&#8243; el_class=\u00bbcustom-font1 col-lg-9 col-xl-8 px-0 mx-auto mb-5&#8243; animation_type=\u00bbfadeInUp\u00bb][vc_custom_heading text=\u00bbQueremos provocar un renacer en aquellos lugares que quedan olvidados por el esfuerzo y dedicaci\u00f3n del d\u00eda a d\u00eda de tu negocio o actividad. Queremos orquestar el orden, y que predomine la higiene en lugares repletos de multitudes.\u00bb font_container=\u00bbtag:p|text_align:center\u00bb use_theme_fonts=\u00bbyes\u00bb el_class=\u00bbmb-0 mx-sm-auto\u00bb css=\u00bb.vc_custom_1671702100624{padding-right: 2rem !important;padding-bottom: 1rem !important;padding-left: 2rem !important;}\u00bb]<div class=\"porto-carousel owl-carousel has-ccols has-ccols-spacing ccols-xl-4 ccols-lg-3 ccols-md-2 ccols-sm-1 ccols-1 mb-5 section-industries stage-margin wpb_custom_324659f3639fc50e0d07e21da55ccd7b nav-style-1\" data-appear-animation=\"fadeInUp\" data-appear-animation-delay=\"750\" data-plugin-options=\"{&quot;themeConfig&quot;:true,&quot;stagePadding&quot;:75,&quot;margin&quot;:20,&quot;autoplay&quot;:false,&quot;mouseDrag&quot;:true,&quot;touchDrag&quot;:true,&quot;autoplayTimeout&quot;:5000,&quot;autoplayHoverPause&quot;:false,&quot;items&quot;:4,&quot;xl&quot;:4,&quot;lg&quot;:3,&quot;md&quot;:2,&quot;sm&quot;:1,&quot;xs&quot;:1,&quot;nav&quot;:&quot;yes&quot;,&quot;dots&quot;:false,&quot;animateIn&quot;:&quot;&quot;,&quot;animateOut&quot;:&quot;&quot;,&quot;loop&quot;:false,&quot;center&quot;:false,&quot;video&quot;:false,&quot;lazyLoad&quot;:false,&quot;fullscreen&quot;:false}\"><div class=\"porto-ultimate-content-box-container \"><style>.porto_ucb_21b6bf01188be9ba0119a2cb5c097588{will-change: box-shadow;box-shadow: none;}.porto_ucb_21b6bf01188be9ba0119a2cb5c097588:hover{box-shadow:none}<\/style><div class=\"porto-ultimate-content-box vc_custom_1608383819876 porto_ucb_21b6bf01188be9ba0119a2cb5c097588\" style=\"background-color:#4d4e50;min-height:277px;\" data-bg=\"#4d4e50\">[vc_custom_heading text=\u00bbCeleridad\u00bb font_container=\u00bbtag:h4|font_size:1.8em|text_align:center\u00bb use_theme_fonts=\u00bbyes\u00bb skin=\u00bblight\u00bb el_class=\u00bbmb-4&#8243;][vc_custom_heading text=\u00bbRespuesta r\u00e1pida e inmediata, a tu medida.\u00bb font_container=\u00bbtag:p|text_align:center|color:rgba(255%2C255%2C255%2C0.6)\u00bb use_theme_fonts=\u00bbyes\u00bb font_weight=\u00bb300&#8243; el_class=\u00bbmb-0&#8243;]<\/div><\/div><div class=\"porto-ultimate-content-box-container \"><style>.porto_ucb_21b6bf01188be9ba0119a2cb5c097588{will-change: box-shadow;box-shadow: none;}.porto_ucb_21b6bf01188be9ba0119a2cb5c097588:hover{box-shadow:none}<\/style><div class=\"porto-ultimate-content-box vc_custom_1608383819876 porto_ucb_21b6bf01188be9ba0119a2cb5c097588\" style=\"background-color:#4d4e50;min-height:277px;\" data-bg=\"#4d4e50\">[vc_custom_heading text=\u00bbCalidad\u00bb font_container=\u00bbtag:h4|font_size:1.8em|text_align:center\u00bb use_theme_fonts=\u00bbyes\u00bb skin=\u00bblight\u00bb el_class=\u00bbmb-4&#8243;][vc_custom_heading text=\u00bbM\u00e1xima calidad en los resultados. Gracias a la profesionalidad de nuestro personal, responsables de dar un excelente acabado.\u00bb font_container=\u00bbtag:p|text_align:center|color:rgba(255%2C255%2C255%2C0.6)\u00bb use_theme_fonts=\u00bbyes\u00bb font_weight=\u00bb300&#8243; el_class=\u00bbmb-0&#8243;]<\/div><\/div><div class=\"porto-ultimate-content-box-container \"><style>.porto_ucb_21b6bf01188be9ba0119a2cb5c097588{will-change: box-shadow;box-shadow: none;}.porto_ucb_21b6bf01188be9ba0119a2cb5c097588:hover{box-shadow:none}<\/style><div class=\"porto-ultimate-content-box vc_custom_1608383819876 porto_ucb_21b6bf01188be9ba0119a2cb5c097588\" style=\"background-color:#4d4e50;min-height:277px;\" data-bg=\"#4d4e50\">[vc_custom_heading text=\u00bbMejora continua\u00bb font_container=\u00bbtag:h4|font_size:1.8em|text_align:center\u00bb use_theme_fonts=\u00bbyes\u00bb skin=\u00bblight\u00bb el_class=\u00bbmb-4&#8243;][vc_custom_heading text=\u00bbEn procesos e incorporaci\u00f3n de m\u00e1quinas para optimizar sin renunciar a una limpieza perfecta.\u00bb font_container=\u00bbtag:p|text_align:center|color:rgba(255%2C255%2C255%2C0.6)\u00bb use_theme_fonts=\u00bbyes\u00bb font_weight=\u00bb300&#8243; el_class=\u00bbmb-0&#8243;]<\/div><\/div><div class=\"porto-ultimate-content-box-container \"><style>.porto_ucb_21b6bf01188be9ba0119a2cb5c097588{will-change: box-shadow;box-shadow: none;}.porto_ucb_21b6bf01188be9ba0119a2cb5c097588:hover{box-shadow:none}<\/style><div class=\"porto-ultimate-content-box vc_custom_1608383819876 porto_ucb_21b6bf01188be9ba0119a2cb5c097588\" style=\"background-color:#4d4e50;min-height:277px;\" data-bg=\"#4d4e50\">[vc_custom_heading text=\u00bbConfianza\u00bb font_container=\u00bbtag:h4|font_size:1.8em|text_align:center\u00bb use_theme_fonts=\u00bbyes\u00bb skin=\u00bblight\u00bb el_class=\u00bbmb-4&#8243;][vc_custom_heading text=\u00bbNos avala la confianza duradera y trato cercano que te brindamos, junto a nuestra larga trayectoria en la limpieza industrial.\u00bb font_container=\u00bbtag:p|text_align:center|color:rgba(255%2C255%2C255%2C0.6)\u00bb use_theme_fonts=\u00bbyes\u00bb font_weight=\u00bb300&#8243; el_class=\u00bbmb-0&#8243;]<\/div><\/div><\/div>[\/vc_column][\/vc_row][vc_row content_placement=\u00bbmiddle\u00bb wrap_container=\u00bbyes\u00bb css=\u00bb.vc_custom_1608386006625{padding-top: 5.5rem !important;padding-bottom: 5.5rem !important;background: #d80d07 url(\/\/sw-themes.com\/porto_dummy\/wp-content\/uploads\/2020\/12\/industry-background-2.jpg?id=125) !important;background-position: center !important;background-repeat: no-repeat !important;background-size: cover !important;}\u00bb el_class=\u00bboverlay-primary\u00bb][vc_column width=\u00bb2\/3&#8243; el_class=\u00bbmb-4 mb-lg-0&#8243; offset=\u00bbvc_col-md-9&#8243;][vc_custom_heading text=\u00bb\u00bfQuieres comprobar con tus propios ojos nuestros resultados? P\u00eddenos presupuesto sin ning\u00fan compromiso.\u00bb font_container=\u00bbtag:h2|font_size:2.2em|text_align:left|line_height:1.3636&#8243; use_theme_fonts=\u00bbyes\u00bb font_weight=\u00bb700&#8243; skin=\u00bblight\u00bb letter_spacing=\u00bb.16em\u00bb el_class=\u00bbmb-0&#8243;][\/vc_column][vc_column offset=\u00bbvc_col-md-3&#8243;][vc_btn title=\u00bbMe Interesa\u00bb style=\u00bbmodern\u00bb size=\u00bblg\u00bb align=\u00bbleft\u00bb skin=\u00bblight\u00bb btn_fw=\u00bb700&#8243; animation_delay=\u00bb900&#8243; link=\u00bburl:https%3A%2F%2Fwww.nemeaneteges.cat%2Fes%2Fpresupuesto%2F|title:Presupuesto\u00bb el_class=\u00bbbtn-triangle text-lg-end mb-0&#8243;][\/vc_column][\/vc_row][vc_row][vc_column][vc_empty_space][\/vc_column][\/vc_row]<\/p>\n<\/div>","protected":false},"excerpt":{"rendered":"<p>[vc_row no_padding=\u00bbyes\u00bb el_class=\u00bbpc-section-shape-background py-5&#8243; css=\u00bb.vc_custom_1608375578442{background-color: #f7f7f7 !important;}\u00bb][vc_column][\/vc_column][\/vc_row][vc_row no_padding=\u00bbyes\u00bb el_class=\u00bbpc-section-shape-background shape-reverse py-5&#8243; css=\u00bb.vc_custom_1608376009226{background-color: #f7f7f7 !important;}\u00bb][vc_column][\/vc_column][\/vc_row][vc_row wrap_container=\u00bbyes\u00bb el_class=\u00bbbackground-color-light position-relative z-index-2 py-5&#8243;][vc_column el_class=\u00bbpt-3 mt-5&#8243; conditional_render=\u00bb%5B%7B%22value_role%22%3A%22administrator%22%7D%5D\u00bb][vc_custom_heading text=\u00bbNuestra misi\u00f3n es ofrecer una limpieza y mantenimiento profesional satisfaciendo as\u00ed las necesidades espec\u00edficas de nuestros clientes, mediante la mejora continua de nuestros servicios y buscando en todo momento la excelencia.\u00bb font_container=\u00bbtag:p|font_size:1.4em|text_align:center|line_height:1.7&#8243; use_theme_fonts=\u00bbyes\u00bb [&hellip;]<\/p>\n","protected":false},"author":1,"featured_media":0,"parent":0,"menu_order":0,"comment_status":"closed","ping_status":"closed","template":"","meta":{"_acf_changed":false,"om_disable_all_campaigns":false,"_monsterinsights_skip_tracking":false,"_monsterinsights_sitenote_active":false,"_monsterinsights_sitenote_note":"","_monsterinsights_sitenote_category":0,"footnotes":""},"class_list":["post-1006","page","type-page","status-publish","hentry"],"acf":[],"aioseo_notices":[],"_links":{"self":[{"href":"https:\/\/www.nemeaneteges.cat\/es\/wp-json\/wp\/v2\/pages\/1006","targetHints":{"allow":["GET"]}}],"collection":[{"href":"https:\/\/www.nemeaneteges.cat\/es\/wp-json\/wp\/v2\/pages"}],"about":[{"href":"https:\/\/www.nemeaneteges.cat\/es\/wp-json\/wp\/v2\/types\/page"}],"author":[{"embeddable":true,"href":"https:\/\/www.nemeaneteges.cat\/es\/wp-json\/wp\/v2\/users\/1"}],"replies":[{"embeddable":true,"href":"https:\/\/www.nemeaneteges.cat\/es\/wp-json\/wp\/v2\/comments?post=1006"}],"version-history":[{"count":7,"href":"https:\/\/www.nemeaneteges.cat\/es\/wp-json\/wp\/v2\/pages\/1006\/revisions"}],"predecessor-version":[{"id":1164,"href":"https:\/\/www.nemeaneteges.cat\/es\/wp-json\/wp\/v2\/pages\/1006\/revisions\/1164"}],"wp:attachment":[{"href":"https:\/\/www.nemeaneteges.cat\/es\/wp-json\/wp\/v2\/media?parent=1006"}],"curies":[{"name":"wp","href":"https:\/\/api.w.org\/{rel}","templated":true}]}}