{"id":1010,"date":"2020-12-21T02:00:40","date_gmt":"2020-12-21T02:00:40","guid":{"rendered":"https:\/\/www.nemeaneteges.cat\/establecimientos-comerciales\/"},"modified":"2022-12-27T11:50:14","modified_gmt":"2022-12-27T11:50:14","slug":"establecimientos-comerciales","status":"publish","type":"page","link":"https:\/\/www.nemeaneteges.cat\/es\/servicios\/establecimientos-comerciales\/","title":{"rendered":"Limpieza de establecimientos comerciales"},"content":{"rendered":"<div class=\"wpb-content-wrapper\"><p>[vc_row css=\u00bb.vc_custom_1608390959445{background-color: #f7f7f7 !important;}\u00bb][vc_column el_class=\u00bbpt-5 pb-2 pb-lg-5&#8243;][vc_raw_html el_class=\u00bbmb-0 tri-bottom\u00bb]JTNDc3ZnJTIwdmVyc2lvbiUzRCUyMjEuMSUyMiUyMHhtbG5zJTNEJTIyaHR0cCUzQSUyRiUyRnd3dy53My5vcmclMkYyMDAwJTJGc3ZnJTIyJTIweG1sbnMlM0F4bGluayUzRCUyMmh0dHAlM0ElMkYlMkZ3d3cudzMub3JnJTJGMTk5OSUyRnhsaW5rJTIyJTIweCUzRCUyMjBweCUyMiUyMHklM0QlMjIwcHglMjIlMjB2aWV3Qm94JTNEJTIyMCUyMDAlMjAyMDAwJTIwMTIwJTIyJTIwcHJlc2VydmVBc3BlY3RSYXRpbyUzRCUyMnhNaW5ZTWluJTIyJTNFJTBBJTA5JTNDcG9seWdvbiUyMGZpbGwlM0QlMjIlMjNGRkYlMjIlMjBwb2ludHMlM0QlMjItMTElMkMyJTIwNjkzJTJDMTEyJTIwMjAxOSUyQzYlMjAyMDE5JTJDMTM1JTIwLTExJTJDMTM1JTIwJTIyJTNFJTNDJTJGcG9seWdvbiUzRSUwQSUzQyUyRnN2ZyUzRQ==[\/vc_raw_html]<div class=\"porto-container container pt-3 pb-5 mb-5 \"><div class=\"porto-ultimate-content-box-container pc-thumb-info-style-1 active box-shadow-3 float-md-end position-relative z-index-1 mb-3 ms-lg-5\" data-appear-animation=\"fadeInUp\" data-appear-animation-delay=\"800\"><style>.porto_ucb_21b6bf01188be9ba0119a2cb5c097588{will-change: box-shadow;box-shadow: none;}.porto_ucb_21b6bf01188be9ba0119a2cb5c097588:hover{box-shadow:none}<\/style><div class=\"porto-ultimate-content-box porto_ucb_21b6bf01188be9ba0119a2cb5c097588\" style=\"\">[vc_single_image image=\u00bb468&#8243; img_size=\u00bbfull\u00bb alignment=\u00bbcenter\u00bb el_class=\u00bbmb-0 custom-thumb-info-icon background-color-primary\u00bb css=\u00bb.vc_custom_1671545739147{padding-top: 2.5rem !important;padding-bottom: 2.5rem !important;}\u00bb][vc_single_image image=\u00bb860&#8243; img_size=\u00bbfull\u00bb alignment=\u00bbcenter\u00bb el_class=\u00bbmb-3 thumb-info-wrapper\u00bb]<\/div><\/div>[vc_custom_heading text=\u00bbLIMPIEZA DE\u00bb font_container=\u00bbtag:h3|font_size:1.2em|text_align:left|line_height:42px\u00bb use_theme_fonts=\u00bbyes\u00bb font_weight=\u00bb500&#8243; skin=\u00bbprimary\u00bb letter_spacing=\u00bb2.5px\u00bb animation_delay=\u00bb200&#8243; el_class=\u00bbmb-0&#8243; animation_type=\u00bbfadeInUp\u00bb][vc_custom_heading text=\u00bbEstablecimientos comerciales\u00bb font_container=\u00bbtag:h2|font_size:2.5em|text_align:left|line_height:1.2&#8243; use_theme_fonts=\u00bbyes\u00bb font_weight=\u00bb700&#8243; animation_delay=\u00bb400&#8243; el_class=\u00bbmb-3&#8243; animation_type=\u00bbfadeInUp\u00bb][vc_custom_heading text=\u00bbYa sabes lo que dicen, la primera impresi\u00f3n es la que cuenta. Muestra sin filtros tus interiores, y habla de ti sin necesidad de articular palabras.\u00bb font_container=\u00bbtag:p|font_size:1.4em|text_align:left|line_height:1.7&#8243; use_theme_fonts=\u00bbyes\u00bb animation_delay=\u00bb600&#8243; el_class=\u00bbcustom-font1 mb-4&#8243; animation_type=\u00bbfadeInUp\u00bb][vc_custom_heading text=\u00bb\u00bb font_container=\u00bbtag:p|text_align:left\u00bb use_theme_fonts=\u00bbyes\u00bb animation_delay=\u00bb800&#8243; el_class=\u00bbmb-0&#8243; animation_type=\u00bbfadeInUp\u00bb][vc_row_inner el_class=\u00bbclear pt-4&#8243;][vc_column_inner el_class=\u00bbpe-lg-5 mb-4 mb-lg-0&#8243; offset=\u00bbvc_col-lg-6 vc_col-md-7&#8243;][vc_single_image image=\u00bb862&#8243; img_size=\u00bbfull\u00bb animation_delay=\u00bb1000&#8243; el_class=\u00bbbox-shadow-3 mb-0&#8243; animation_type=\u00bbfadeInUp\u00bb][\/vc_column_inner][vc_column_inner offset=\u00bbvc_col-lg-6 vc_col-md-5&#8243;][vc_custom_heading text=\u00bb\u00bb font_container=\u00bbtag:p|text_align:left\u00bb use_theme_fonts=\u00bbyes\u00bb animation_delay=\u00bb1400&#8243; el_class=\u00bbmb-4 pb-2&#8243; animation_type=\u00bbfadeInUp\u00bb]<div class=\"porto-animation\"  data-appear-animation=\"fadeInUp\" data-appear-animation-delay=\"200\">[vc_column_text]No hay duda alguna de que los escaparates son cruciales a la hora de decidir si adentrarnos o no en un local comercial. Podr\u00edamos decir que sus cristales son la invitaci\u00f3n, y la limpieza no es una opci\u00f3n.<\/p>\n<p>Una vez te has decidido a entrar, \u00bfalguna vez te has quedado m\u00e1s de lo que ten\u00edas previsto sin, aparentemente, motivo alguno? Bien, eso puede haberse debido al aroma del local, la disposici\u00f3n ordenada de los productos en las islas o sus suelos resplandecientes donde pr\u00e1cticamente puedes verte reflejado, como si de un espejo se tratara.<\/p>\n<p>Los olores nos evocan memorias, nos transportan, y estudios constatan una relaci\u00f3n directa con un aumento de las compras. Ya sabes, si quieres incrementar tu competitividad y no quedarte en la cola, Nemea te dice hola.[\/vc_column_text]<\/div>[\/vc_column_inner][\/vc_row_inner]<\/div>[\/vc_column][\/vc_row][vc_row content_placement=\u00bbmiddle\u00bb wrap_container=\u00bbyes\u00bb css=\u00bb.vc_custom_1608386006625{padding-top: 5.5rem !important;padding-bottom: 5.5rem !important;background: #d80d07 url(\/\/sw-themes.com\/porto_dummy\/wp-content\/uploads\/2020\/12\/industry-background-2.jpg?id=125) !important;background-position: center !important;background-repeat: no-repeat !important;background-size: cover !important;}\u00bb el_class=\u00bboverlay-primary\u00bb][vc_column width=\u00bb2\/3&#8243; el_class=\u00bbmb-4 mb-lg-0&#8243; offset=\u00bbvc_col-md-9&#8243;][vc_custom_heading text=\u00bb\u00bfQuieres comprobar con tus propios ojos nuestros resultados? P\u00eddenos presupuesto sin ning\u00fan compromiso.\u00bb font_container=\u00bbtag:h2|font_size:2.2em|text_align:left|line_height:1.3636&#8243; use_theme_fonts=\u00bbyes\u00bb font_weight=\u00bb700&#8243; skin=\u00bblight\u00bb letter_spacing=\u00bb.16em\u00bb el_class=\u00bbmb-0&#8243;][\/vc_column][vc_column offset=\u00bbvc_col-md-3&#8243;][vc_btn title=\u00bbMe interesa\u00bb style=\u00bboutline\u00bb align=\u00bbleft\u00bb skin=\u00bblight\u00bb btn_fw=\u00bb700&#8243; animation_delay=\u00bb900&#8243; link=\u00bburl:https%3A%2F%2Fwww.nemeaneteges.cat%2Fes%2Fpresupuesto%2F|title:Presupuesto\u00bb el_class=\u00bbbtn-borders-triangle text-lg-end mb-0&#8243;][\/vc_column][\/vc_row][vc_row wrap_container=\u00bbyes\u00bb el_class=\u00bbmy-5 pt-4&#8243;][vc_column offset=\u00bbvc_col-lg-5 vc_col-md-6&#8243; el_class=\u00bbmb-5 mb-lg-0&#8243;]<div class=\"porto-animation overflow-hidden pt-lg-3 mb-2 mt-lg-4\" >[vc_custom_heading text=\u00bbOtros servicios\u00bb font_container=\u00bbtag:h2|font_size:3em|text_align:left|line_height:1.2&#8243; use_theme_fonts=\u00bbyes\u00bb font_weight=\u00bb700&#8243; animation_delay=\u00bb200&#8243; el_class=\u00bbmb-0&#8243; animation_type=\u00bbmaskUp\u00bb]<\/div><div class=\"porto-animation overflow-hidden mb-3\" >[vc_custom_heading text=\u00bbNEMEA &#8211; LIMPIEZAS INDUSTRIALES\u00bb font_container=\u00bbtag:h3|font_size:1.2em|text_align:left|line_height:24px\u00bb use_theme_fonts=\u00bbyes\u00bb font_weight=\u00bb500&#8243; skin=\u00bbprimary\u00bb letter_spacing=\u00bb2.5px\u00bb animation_delay=\u00bb400&#8243; el_class=\u00bbmb-0&#8243; animation_type=\u00bbmaskUp\u00bb]<\/div>[vc_custom_heading text=\u00bbEn nuestros servicios se engloba todo lo relacionado con la limpieza, acondicionamiento y mantenimiento, incluyendo los productos a utilizar. Usamos los utensilios y veh\u00edculos apropiados a cada espacio para la consecuci\u00f3n de los niveles \u00f3ptimos de higiene.\u00bb font_container=\u00bbtag:p|font_size:1.4em|text_align:left|line_height:1.7&#8243; use_theme_fonts=\u00bbyes\u00bb animation_delay=\u00bb600&#8243; el_class=\u00bbcustom-font1 mb-0&#8243; animation_type=\u00bbfadeInUp\u00bb][\/vc_column][vc_column offset=\u00bbvc_col-lg-7 vc_col-md-6&#8243;]<div class=\"porto-carousel owl-carousel has-ccols has-ccols-spacing ccols-xl-2 ccols-lg-1 ccols-md-2 ccols-sm-1 ccols-1 stage-margin wpb_custom_324659f3639fc50e0d07e21da55ccd7b nav-pos-inside nav-style-1\" data-appear-animation=\"fadeInUp\" data-appear-animation-delay=\"750\" data-plugin-options=\"{&quot;themeConfig&quot;:true,&quot;stagePadding&quot;:75,&quot;margin&quot;:20,&quot;autoplay&quot;:false,&quot;mouseDrag&quot;:true,&quot;touchDrag&quot;:true,&quot;autoplayTimeout&quot;:5000,&quot;autoplayHoverPause&quot;:false,&quot;items&quot;:2,&quot;xl&quot;:2,&quot;lg&quot;:1,&quot;md&quot;:2,&quot;sm&quot;:1,&quot;xs&quot;:1,&quot;nav&quot;:&quot;yes&quot;,&quot;dots&quot;:false,&quot;animateIn&quot;:&quot;&quot;,&quot;animateOut&quot;:&quot;&quot;,&quot;loop&quot;:false,&quot;center&quot;:false,&quot;video&quot;:false,&quot;lazyLoad&quot;:false,&quot;fullscreen&quot;:false}\"><div class=\"porto-ultimate-content-box-container pc-thumb-info-style-1\"><style>.porto_ucb_e1b343c86e150cae53e77091f285db69{will-change: box-shadow;box-shadow: none;}.porto_ucb_e1b343c86e150cae53e77091f285db69:hover{box-shadow:none}<\/style><a aria-label=\"Anchor of Ultimate Content Box Container\" class=\"porto-ultimate-content-box-anchor\" href=\"https:\/\/www.nemeaneteges.cat\/es\/servicios\/instalaciones-industriales\/\" title='Limpieza de instalaciones industriales'  ><div class=\"porto-ultimate-content-box porto_ucb_e1b343c86e150cae53e77091f285db69\" style=\"\">[vc_single_image image=\u00bb467&#8243; img_size=\u00bbfull\u00bb alignment=\u00bbcenter\u00bb el_class=\u00bbmb-0 custom-thumb-info-icon\u00bb css=\u00bb.vc_custom_1671545769321{padding-top: 2.5rem !important;padding-bottom: 2.5rem !important;}\u00bb][vc_single_image image=\u00bb870&#8243; img_size=\u00bbfull\u00bb alignment=\u00bbcenter\u00bb el_class=\u00bbmb-3 thumb-info-wrapper\u00bb][vc_custom_heading text=\u00bbLimpieza de instalaciones industriales\u00bb font_container=\u00bbtag:h4|font_size:1.125rem|text_align:center\u00bb use_theme_fonts=\u00bbyes\u00bb font_weight=\u00bb600&#8243; el_class=\u00bbmb-0&#8243; link=\u00bburl:https%3A%2F%2Fwww.nemeaneteges.cat%2Fes%2Fservicios%2Finstalaciones-industriales%2F|title:Limpieza%20de%20instalaciones%20industriales\u00bb]<\/div><\/a><\/div><div class=\"porto-ultimate-content-box-container pc-thumb-info-style-1\"><style>.porto_ucb_e1b343c86e150cae53e77091f285db69{will-change: box-shadow;box-shadow: none;}.porto_ucb_e1b343c86e150cae53e77091f285db69:hover{box-shadow:none}<\/style><a aria-label=\"Anchor of Ultimate Content Box Container\" class=\"porto-ultimate-content-box-anchor\" href=\"https:\/\/www.nemeaneteges.cat\/es\/servicios\/oficinas-residencias\/\" title='Limpieza de edificios de oficinas y residenciales'  ><div class=\"porto-ultimate-content-box porto_ucb_e1b343c86e150cae53e77091f285db69\" style=\"\">[vc_single_image image=\u00bb469&#8243; img_size=\u00bbfull\u00bb alignment=\u00bbcenter\u00bb el_class=\u00bbmb-0 custom-thumb-info-icon\u00bb css=\u00bb.vc_custom_1671545808840{padding-top: 2.5rem !important;padding-bottom: 2.5rem !important;}\u00bb][vc_single_image image=\u00bb873&#8243; img_size=\u00bbfull\u00bb alignment=\u00bbcenter\u00bb el_class=\u00bbmb-3 thumb-info-wrapper\u00bb][vc_custom_heading text=\u00bbLimpieza de edificios de oficinas y residenciales\u00bb font_container=\u00bbtag:h4|font_size:1.125rem|text_align:center\u00bb use_theme_fonts=\u00bbyes\u00bb font_weight=\u00bb600&#8243; el_class=\u00bbmb-0&#8243; link=\u00bburl:https%3A%2F%2Fwww.nemeaneteges.cat%2Fes%2Fservicios%2Foficinas-residencias%2F|title:Limpieza%20de%20edificios%20de%20oficinas%20y%20residenciales\u00bb]<\/div><\/a><\/div><\/div>[\/vc_column][\/vc_row]<\/p>\n<\/div>","protected":false},"excerpt":{"rendered":"<p>[vc_row css=\u00bb.vc_custom_1608390959445{background-color: #f7f7f7 !important;}\u00bb][vc_column el_class=\u00bbpt-5 pb-2 pb-lg-5&#8243;][vc_raw_html el_class=\u00bbmb-0 tri-bottom\u00bb]JTNDc3ZnJTIwdmVyc2lvbiUzRCUyMjEuMSUyMiUyMHhtbG5zJTNEJTIyaHR0cCUzQSUyRiUyRnd3dy53My5vcmclMkYyMDAwJTJGc3ZnJTIyJTIweG1sbnMlM0F4bGluayUzRCUyMmh0dHAlM0ElMkYlMkZ3d3cudzMub3JnJTJGMTk5OSUyRnhsaW5rJTIyJTIweCUzRCUyMjBweCUyMiUyMHklM0QlMjIwcHglMjIlMjB2aWV3Qm94JTNEJTIyMCUyMDAlMjAyMDAwJTIwMTIwJTIyJTIwcHJlc2VydmVBc3BlY3RSYXRpbyUzRCUyMnhNaW5ZTWluJTIyJTNFJTBBJTA5JTNDcG9seWdvbiUyMGZpbGwlM0QlMjIlMjNGRkYlMjIlMjBwb2ludHMlM0QlMjItMTElMkMyJTIwNjkzJTJDMTEyJTIwMjAxOSUyQzYlMjAyMDE5JTJDMTM1JTIwLTExJTJDMTM1JTIwJTIyJTNFJTNDJTJGcG9seWdvbiUzRSUwQSUzQyUyRnN2ZyUzRQ==[\/vc_raw_html][\/vc_column][\/vc_row][vc_row content_placement=\u00bbmiddle\u00bb wrap_container=\u00bbyes\u00bb css=\u00bb.vc_custom_1608386006625{padding-top: 5.5rem !important;padding-bottom: 5.5rem !important;background: #d80d07 url(\/\/sw-themes.com\/porto_dummy\/wp-content\/uploads\/2020\/12\/industry-background-2.jpg?id=125) !important;background-position: center !important;background-repeat: no-repeat !important;background-size: cover !important;}\u00bb el_class=\u00bboverlay-primary\u00bb][vc_column width=\u00bb2\/3&#8243; el_class=\u00bbmb-4 mb-lg-0&#8243; offset=\u00bbvc_col-md-9&#8243;][vc_custom_heading text=\u00bb\u00bfQuieres comprobar con tus propios ojos nuestros resultados? P\u00eddenos presupuesto sin ning\u00fan compromiso.\u00bb font_container=\u00bbtag:h2|font_size:2.2em|text_align:left|line_height:1.3636&#8243; use_theme_fonts=\u00bbyes\u00bb font_weight=\u00bb700&#8243; skin=\u00bblight\u00bb letter_spacing=\u00bb.16em\u00bb el_class=\u00bbmb-0&#8243;][\/vc_column][vc_column offset=\u00bbvc_col-md-3&#8243;][vc_btn title=\u00bbMe interesa\u00bb style=\u00bboutline\u00bb align=\u00bbleft\u00bb skin=\u00bblight\u00bb [&hellip;]<\/p>\n","protected":false},"author":1,"featured_media":0,"parent":1012,"menu_order":0,"comment_status":"closed","ping_status":"closed","template":"","meta":{"_acf_changed":false,"om_disable_all_campaigns":false,"_monsterinsights_skip_tracking":false,"_monsterinsights_sitenote_active":false,"_monsterinsights_sitenote_note":"","_monsterinsights_sitenote_category":0,"footnotes":""},"class_list":["post-1010","page","type-page","status-publish","hentry"],"acf":[],"aioseo_notices":[],"_links":{"self":[{"href":"https:\/\/www.nemeaneteges.cat\/es\/wp-json\/wp\/v2\/pages\/1010","targetHints":{"allow":["GET"]}}],"collection":[{"href":"https:\/\/www.nemeaneteges.cat\/es\/wp-json\/wp\/v2\/pages"}],"about":[{"href":"https:\/\/www.nemeaneteges.cat\/es\/wp-json\/wp\/v2\/types\/page"}],"author":[{"embeddable":true,"href":"https:\/\/www.nemeaneteges.cat\/es\/wp-json\/wp\/v2\/users\/1"}],"replies":[{"embeddable":true,"href":"https:\/\/www.nemeaneteges.cat\/es\/wp-json\/wp\/v2\/comments?post=1010"}],"version-history":[{"count":4,"href":"https:\/\/www.nemeaneteges.cat\/es\/wp-json\/wp\/v2\/pages\/1010\/revisions"}],"predecessor-version":[{"id":1168,"href":"https:\/\/www.nemeaneteges.cat\/es\/wp-json\/wp\/v2\/pages\/1010\/revisions\/1168"}],"up":[{"embeddable":true,"href":"https:\/\/www.nemeaneteges.cat\/es\/wp-json\/wp\/v2\/pages\/1012"}],"wp:attachment":[{"href":"https:\/\/www.nemeaneteges.cat\/es\/wp-json\/wp\/v2\/media?parent=1010"}],"curies":[{"name":"wp","href":"https:\/\/api.w.org\/{rel}","templated":true}]}}