{"id":1012,"date":"2020-12-19T10:51:46","date_gmt":"2020-12-19T10:51:46","guid":{"rendered":"https:\/\/www.nemeaneteges.cat\/servicios\/"},"modified":"2022-12-27T11:47:48","modified_gmt":"2022-12-27T11:47:48","slug":"servicios","status":"publish","type":"page","link":"https:\/\/www.nemeaneteges.cat\/es\/servicios\/","title":{"rendered":"Servicios"},"content":{"rendered":"<div class=\"wpb-content-wrapper\"><p>[vc_row wrap_container=\u00bbyes\u00bb el_class=\u00bbposition-relative z-index-2 pt-5&#8243; css=\u00bb.vc_custom_1608388351951{background-color: #f7f7f7 !important;}\u00bb][vc_column el_class=\u00bbpt-3&#8243;]<div class=\"porto-animation overflow-hidden\" >[vc_custom_heading text=\u00bbQU\u00c9 HACEMOS\u00bb font_container=\u00bbtag:h3|font_size:1.2em|text_align:center|line_height:42px\u00bb use_theme_fonts=\u00bbyes\u00bb font_weight=\u00bb500&#8243; skin=\u00bbprimary\u00bb letter_spacing=\u00bb2.5px\u00bb animation_delay=\u00bb200&#8243; el_class=\u00bbmb-0&#8243; animation_type=\u00bbmaskUp\u00bb]<\/div><div class=\"porto-animation overflow-hidden mb-3\" >[vc_custom_heading text=\u00bbUna selecci\u00f3n de nuestros servicios\u00bb font_container=\u00bbtag:h2|font_size:2.5em|text_align:center|line_height:1.2&#8243; use_theme_fonts=\u00bbyes\u00bb font_weight=\u00bb700&#8243; animation_delay=\u00bb500&#8243; el_class=\u00bbmb-0&#8243; animation_type=\u00bbmaskUp\u00bb]<\/div>[vc_custom_heading text=\u00bbDisponemos de los equipos t\u00e9cnicos m\u00e1s punteros y del personal cualificado con las destrezas necesarias para llevar a cabo con \u00e9xito una variedad de t\u00e9cnicas de limpieza.\u00bb font_container=\u00bbtag:p|font_size:1.4em|text_align:center|line_height:1.7&#8243; use_theme_fonts=\u00bbyes\u00bb animation_delay=\u00bb600&#8243; el_class=\u00bbcustom-font1 col-lg-9 col-xl-8 px-0 mx-auto mb-5&#8243; animation_type=\u00bbfadeInUp\u00bb]<div class=\"porto-carousel owl-carousel has-ccols has-ccols-spacing ccols-xl-3 ccols-lg-4 ccols-md-3 ccols-sm-2 ccols-1 stage-margin wpb_custom_324659f3639fc50e0d07e21da55ccd7b nav-pos-inside nav-style-1\" data-plugin-options=\"{&quot;themeConfig&quot;:true,&quot;stagePadding&quot;:75,&quot;margin&quot;:20,&quot;autoplay&quot;:false,&quot;mouseDrag&quot;:true,&quot;touchDrag&quot;:true,&quot;autoplayTimeout&quot;:5000,&quot;autoplayHoverPause&quot;:false,&quot;items&quot;:3,&quot;xl&quot;:3,&quot;lg&quot;:4,&quot;md&quot;:3,&quot;sm&quot;:2,&quot;xs&quot;:1,&quot;nav&quot;:&quot;yes&quot;,&quot;dots&quot;:false,&quot;animateIn&quot;:&quot;&quot;,&quot;animateOut&quot;:&quot;&quot;,&quot;loop&quot;:false,&quot;center&quot;:false,&quot;video&quot;:false,&quot;lazyLoad&quot;:false,&quot;fullscreen&quot;:false}\"><div class=\"porto-ultimate-content-box-container pc-thumb-info-style-1\"><style>.porto_ucb_e1b343c86e150cae53e77091f285db69{will-change: box-shadow;box-shadow: none;}.porto_ucb_e1b343c86e150cae53e77091f285db69:hover{box-shadow:none}<\/style><a aria-label=\"Anchor of Ultimate Content Box Container\" class=\"porto-ultimate-content-box-anchor\" href=\"https:\/\/www.nemeaneteges.cat\/es\/servicios\/instalaciones-industriales\/\" title='Limpieza de instalaciones industriales'  ><div class=\"porto-ultimate-content-box porto_ucb_e1b343c86e150cae53e77091f285db69\" style=\"\">[vc_single_image image=\u00bb467&#8243; img_size=\u00bbfull\u00bb alignment=\u00bbcenter\u00bb el_class=\u00bbmb-0 custom-thumb-info-icon\u00bb css=\u00bb.vc_custom_1671545383983{padding-top: 2.5rem !important;padding-bottom: 2.5rem !important;}\u00bb][vc_single_image image=\u00bb870&#8243; img_size=\u00bbfull\u00bb alignment=\u00bbcenter\u00bb el_class=\u00bbmb-3 thumb-info-wrapper\u00bb][vc_custom_heading text=\u00bbLimpieza de instalaciones industriales\u00bb font_container=\u00bbtag:h4|font_size:1.125rem|text_align:center\u00bb use_theme_fonts=\u00bbyes\u00bb font_weight=\u00bb600&#8243; el_class=\u00bbmb-0&#8243; link=\u00bburl:https%3A%2F%2Fwww.nemeaneteges.cat%2Fes%2Fservicios%2Finstalaciones-industriales%2F|title:Limpieza%20de%20instalaciones%20industriales\u00bb]<\/div><\/a><\/div><div class=\"porto-ultimate-content-box-container pc-thumb-info-style-1\"><style>.porto_ucb_e1b343c86e150cae53e77091f285db69{will-change: box-shadow;box-shadow: none;}.porto_ucb_e1b343c86e150cae53e77091f285db69:hover{box-shadow:none}<\/style><a aria-label=\"Anchor of Ultimate Content Box Container\" class=\"porto-ultimate-content-box-anchor\" href=\"https:\/\/www.nemeaneteges.cat\/es\/servicios\/oficinas-residencias\/\" title='Limpieza de oficinas y residencias'  ><div class=\"porto-ultimate-content-box porto_ucb_e1b343c86e150cae53e77091f285db69\" style=\"\">[vc_single_image image=\u00bb469&#8243; img_size=\u00bbfull\u00bb alignment=\u00bbcenter\u00bb el_class=\u00bbmb-0 custom-thumb-info-icon\u00bb css=\u00bb.vc_custom_1671545409369{padding-top: 2.5rem !important;padding-bottom: 2.5rem !important;}\u00bb][vc_single_image image=\u00bb873&#8243; img_size=\u00bbfull\u00bb alignment=\u00bbcenter\u00bb el_class=\u00bbmb-3 thumb-info-wrapper\u00bb][vc_custom_heading text=\u00bbLimpieza de oficinas y residenciales\u00bb font_container=\u00bbtag:h4|font_size:1.125rem|text_align:center\u00bb use_theme_fonts=\u00bbyes\u00bb font_weight=\u00bb600&#8243; el_class=\u00bbmb-0&#8243; link=\u00bburl:https%3A%2F%2Fwww.nemeaneteges.cat%2Fes%2Fservicios%2Foficinas-residencias%2F|title:Limpieza%20de%20oficinas%20y%20residencias\u00bb]<\/div><\/a><\/div><div class=\"porto-ultimate-content-box-container pc-thumb-info-style-1\"><style>.porto_ucb_e1b343c86e150cae53e77091f285db69{will-change: box-shadow;box-shadow: none;}.porto_ucb_e1b343c86e150cae53e77091f285db69:hover{box-shadow:none}<\/style><a aria-label=\"Anchor of Ultimate Content Box Container\" class=\"porto-ultimate-content-box-anchor\" href=\"https:\/\/www.nemeaneteges.cat\/es\/servicios\/establecimientos-comerciales\/\" title='Limpieza de establecimientos comerciales'  ><div class=\"porto-ultimate-content-box porto_ucb_e1b343c86e150cae53e77091f285db69\" style=\"\">[vc_single_image image=\u00bb468&#8243; img_size=\u00bbfull\u00bb alignment=\u00bbcenter\u00bb el_class=\u00bbmb-0 custom-thumb-info-icon\u00bb css=\u00bb.vc_custom_1671545499675{padding-top: 2.5rem !important;padding-bottom: 2.5rem !important;}\u00bb][vc_single_image image=\u00bb860&#8243; img_size=\u00bbfull\u00bb alignment=\u00bbcenter\u00bb el_class=\u00bbmb-3 thumb-info-wrapper\u00bb][vc_custom_heading text=\u00bbLimpieza de establecimientos comerciales\u00bb font_container=\u00bbtag:h4|font_size:1.125rem|text_align:center\u00bb use_theme_fonts=\u00bbyes\u00bb font_weight=\u00bb600&#8243; el_class=\u00bbmb-0&#8243; link=\u00bburl:https%3A%2F%2Fwww.nemeaneteges.cat%2Fes%2Fservicios%2Festablecimientos-comerciales%2F|title:Limpieza%20de%20establecimientos%20comerciales\u00bb]<\/div><\/a><\/div><\/div>[\/vc_column][\/vc_row][vc_row content_placement=\u00bbmiddle\u00bb wrap_container=\u00bbyes\u00bb css=\u00bb.vc_custom_1671181360997{margin-top: 50px !important;margin-bottom: 50px !important;padding-top: 5.5rem !important;padding-bottom: 5.5rem !important;background: #d80d07 url(\/\/sw-themes.com\/porto_dummy\/wp-content\/uploads\/2020\/12\/industry-background-2.jpg?id=125) !important;background-position: center !important;background-repeat: no-repeat !important;background-size: cover !important;}\u00bb el_class=\u00bboverlay-primary\u00bb conditional_render=\u00bb%5B%7B%22value_role%22%3A%22administrator%22%7D%5D\u00bb][vc_column width=\u00bb2\/3&#8243; el_class=\u00bbmb-4 mb-lg-0&#8243; offset=\u00bbvc_col-md-9&#8243;][vc_custom_heading text=\u00bb\u00bfQuieres comprobar con tus propios ojos nuestros resultados? P\u00eddenos presupuesto sin ning\u00fan compromiso.\u00bb font_container=\u00bbtag:h2|font_size:2.2em|text_align:left|line_height:1.3636&#8243; use_theme_fonts=\u00bbyes\u00bb font_weight=\u00bb700&#8243; skin=\u00bblight\u00bb letter_spacing=\u00bb.16em\u00bb el_class=\u00bbmb-0&#8243;][\/vc_column][vc_column offset=\u00bbvc_col-md-3&#8243;][vc_btn title=\u00bbMe Interesa\u00bb style=\u00bbmodern\u00bb size=\u00bblg\u00bb align=\u00bbleft\u00bb skin=\u00bblight\u00bb btn_fw=\u00bb700&#8243; animation_delay=\u00bb900&#8243; link=\u00bburl:https%3A%2F%2Fwww.nemeaneteges.cat%2Fes%2Fpresupuesto%2F|title:Presupuesto\u00bb el_class=\u00bbbtn-triangle text-lg-end mb-0&#8243;][\/vc_column][\/vc_row][vc_row][vc_column][vc_empty_space][\/vc_column][\/vc_row]<\/p>\n<\/div>","protected":false},"excerpt":{"rendered":"<p>[vc_row wrap_container=\u00bbyes\u00bb el_class=\u00bbposition-relative z-index-2 pt-5&#8243; css=\u00bb.vc_custom_1608388351951{background-color: #f7f7f7 !important;}\u00bb][vc_column el_class=\u00bbpt-3&#8243;][vc_custom_heading text=\u00bbDisponemos de los equipos t\u00e9cnicos m\u00e1s punteros y del personal cualificado con las destrezas necesarias para llevar a cabo con \u00e9xito una variedad de t\u00e9cnicas de limpieza.\u00bb font_container=\u00bbtag:p|font_size:1.4em|text_align:center|line_height:1.7&#8243; use_theme_fonts=\u00bbyes\u00bb animation_delay=\u00bb600&#8243; el_class=\u00bbcustom-font1 col-lg-9 col-xl-8 px-0 mx-auto mb-5&#8243; animation_type=\u00bbfadeInUp\u00bb][\/vc_column][\/vc_row][vc_row content_placement=\u00bbmiddle\u00bb wrap_container=\u00bbyes\u00bb css=\u00bb.vc_custom_1671181360997{margin-top: 50px !important;margin-bottom: 50px !important;padding-top: 5.5rem !important;padding-bottom: [&hellip;]<\/p>\n","protected":false},"author":1,"featured_media":0,"parent":0,"menu_order":0,"comment_status":"closed","ping_status":"closed","template":"","meta":{"_acf_changed":false,"om_disable_all_campaigns":false,"_monsterinsights_skip_tracking":false,"_monsterinsights_sitenote_active":false,"_monsterinsights_sitenote_note":"","_monsterinsights_sitenote_category":0,"footnotes":""},"class_list":["post-1012","page","type-page","status-publish","hentry"],"acf":[],"aioseo_notices":[],"_links":{"self":[{"href":"https:\/\/www.nemeaneteges.cat\/es\/wp-json\/wp\/v2\/pages\/1012","targetHints":{"allow":["GET"]}}],"collection":[{"href":"https:\/\/www.nemeaneteges.cat\/es\/wp-json\/wp\/v2\/pages"}],"about":[{"href":"https:\/\/www.nemeaneteges.cat\/es\/wp-json\/wp\/v2\/types\/page"}],"author":[{"embeddable":true,"href":"https:\/\/www.nemeaneteges.cat\/es\/wp-json\/wp\/v2\/users\/1"}],"replies":[{"embeddable":true,"href":"https:\/\/www.nemeaneteges.cat\/es\/wp-json\/wp\/v2\/comments?post=1012"}],"version-history":[{"count":4,"href":"https:\/\/www.nemeaneteges.cat\/es\/wp-json\/wp\/v2\/pages\/1012\/revisions"}],"predecessor-version":[{"id":1165,"href":"https:\/\/www.nemeaneteges.cat\/es\/wp-json\/wp\/v2\/pages\/1012\/revisions\/1165"}],"wp:attachment":[{"href":"https:\/\/www.nemeaneteges.cat\/es\/wp-json\/wp\/v2\/media?parent=1012"}],"curies":[{"name":"wp","href":"https:\/\/api.w.org\/{rel}","templated":true}]}}