{"id":1016,"date":"2022-12-19T09:26:55","date_gmt":"2022-12-19T09:26:55","guid":{"rendered":"https:\/\/www.nemeaneteges.cat\/politica-de-privacidad\/"},"modified":"2022-12-27T11:56:37","modified_gmt":"2022-12-27T11:56:37","slug":"politica-de-privacidad","status":"publish","type":"page","link":"https:\/\/www.nemeaneteges.cat\/es\/politica-de-privacidad\/","title":{"rendered":"Pol\u00edtica de privacidad"},"content":{"rendered":"<div class=\"wpb-content-wrapper\">[vc_row][vc_column][vc_column_text]<\/p>\r\n\r\n<p>INFORMACI\u00d3 A L&#8217;USUARI<br \/><br \/>Qui \u00e9s el responsable del tractament de les teves dades personals?<br \/><br \/>NEMEA NETEGES, SL.\u00a0\u00e9s el\u00a0RESPONSABLE\u00a0del tractament de les dades personals de l&#8217;USUARI i l&#8217;informa que aquestes dades seran tractades de conformitat amb el que es disposa en el Reglament (UE) 2016\/679, de 27 d&#8217;abril (GDPR), i la Llei org\u00e0nica 3\/2018, de 5 de desembre (LOPDGDD).<br \/><br \/>Per a qu\u00e8 tractem les teves dades personals?<br \/><br \/>Per a mantenir una relaci\u00f3 comercial amb l&#8217;usuari. Les operacions previstes per a realitzar el tractament s\u00f3n:<br \/><br \/>Remissi\u00f3 de comunicacions comercials publicit\u00e0ries per e-mail, fax, SMS, MMS, xarxes socials o qualsevol altre mitj\u00e0 electr\u00f2nic o f\u00edsic, present o futur, que possibiliti realitzar comunicacions comercials. Aquestes comunicacions seran realitzades pel RESPONSABLE i estaran relacionades amb els seus productes i serveis, o dels seus col\u00b7laboradors o prove\u00efdors, amb els quals aquest hagi aconseguit algun acord de promoci\u00f3. En aquest cas, els tercers mai tindran acc\u00e9s a les dades personals.<br \/>Realitzar estudis de mercat i an\u00e0lisis estad\u00edstiques.<br \/>Tramitar enc\u00e0rrecs, sol\u00b7licituds, donar resposta a les consultes o qualsevol tipus de petici\u00f3 que sigui realitzada per l&#8217;USUARI a trav\u00e9s de qualsevol de les formes de contacte que es posen a la seva disposici\u00f3 en la p\u00e0gina web del RESPONSABLE.<br \/>Remetre el butllet\u00ed informatiu en l\u00ednia, sobre novetats, ofertes i promocions en la nostra activitat.<br \/><br \/>Per quin motiu podem tractar les teves dades personals?<br \/><br \/>Perqu\u00e8 el tractament est\u00e0 legitimat per l&#8217;article 6 del GDPR de la seg\u00fcent forma:<br \/><br \/>Amb el consentiment de l&#8217;USUARI: remissi\u00f3 de comunicacions comercials i del butllet\u00ed informatiu.<br \/>Per inter\u00e8s leg\u00edtim del RESPONSABLE: realitzar estudis de mercat, an\u00e0lisis estad\u00edstiques, etc. i tramitar enc\u00e0rrecs, sol\u00b7licituds, etc. a petici\u00f3 de l&#8217;USUARI.<br \/><br \/>Durant quant temps guardarem les teves dades personals?<br \/><br \/>Es conservaran durant no m\u00e9s temps del necessari per a mantenir la fi del tractament o existeixin prescripcions legals que dictaminin la seva cust\u00f2dia i quan ja no sigui necessari per a aix\u00f2, se suprimiran amb mesures de seguretat adequades per a garantir l&#8217;anonimitzaci\u00f3 de les dades o la destrucci\u00f3 total d&#8217;aquests.<br \/><br \/>A qui facilitem les teves dades personals?<br \/><br \/>No est\u00e0 prevista cap comunicaci\u00f3 de dades personals a tercers excepte, si fos necessari per al desenvolupament i execuci\u00f3 de les finalitats del tractament, als nostres prove\u00efdors de serveis relacionats amb comunicacions, amb els quals el RESPONSABLE t\u00e9 subscrits els contractes de confidencialitat i d&#8217;encarregat de tractament exigits per la normativa vigent de privacitat.<br \/><br \/>Quins s\u00f3n els teus drets?<br \/><br \/>Els drets que assisteixen a l&#8217;USUARI s\u00f3n:<br \/><br \/>Dret a retirar el consentiment en qualsevol moment.<br \/>Dret d&#8217;acc\u00e9s, rectificaci\u00f3, portabilitat i supressi\u00f3 de les seves dades, i de limitaci\u00f3 o oposici\u00f3 al seu tractament.<br \/>Dret a presentar una reclamaci\u00f3 davant l&#8217;autoritat de control (www.aepd.es) si considera que el tractament no s&#8217;ajusta a la normativa vigent.<br \/><br \/>Dades de contacte per a exercir els seus drets:<br \/><br \/>NEMEA NETEGES, SL. CARRER ORLEANS \u2013 PARCEL\u00b7LA 62 NAU 7 (POL. IND.) \u2013 43870 AMPOSTA (Tarragona).<br \/><br \/>E-mail: info@nemeaneteges.cat<br \/><br \/><br \/>CAR\u00c0CTER OBLIGATORI O FACULTATIU DE LA INFORMACI\u00d3 FACILITADA PER L&#8217;USUARI<br \/><br \/>Els USUARIS, mitjan\u00e7ant la marcaci\u00f3 de les caselles corresponents i l&#8217;entrada de dades en els camps, marcats amb un asterisc () en el formulari de contacte o presentats en formularis de desc\u00e0rrega, accepten expressament i de manera lliure i inequ\u00edvoca, que les seves dades s\u00f3n necess\u00e0ries per a atendre la seva petici\u00f3, per part del prestador, sent volunt\u00e0ria la inclusi\u00f3 de dades en els camps restants. L&#8217;USUARI garanteix que les dades personals facilitades al RESPONSABLE s\u00f3n vera\u00e7os i es fa responsable de comunicar qualsevol modificaci\u00f3 d&#8217;aquests.<br \/><br \/>El RESPONSABLE informa que totes les dades sol\u00b7licitades a trav\u00e9s del lloc web s\u00f3n obligatoris, ja que s\u00f3n necessaris per a la prestaci\u00f3 d&#8217;un servei \u00f2ptim a l&#8217;USUARI. En cas que no es facilitin totes les dades, no es garanteix que la informaci\u00f3 i serveis facilitats siguin completament ajustats a les seves necessitats.<br \/><br \/>MESURES DE SEGURETAT<br \/><br \/>Que de conformitat amb el que es disposa en les normatives vigents en protecci\u00f3 de dades personals, el RESPONSABLE est\u00e0 complint amb totes les disposicions de les normatives GDPR i LOPDGDD per al tractament de les dades personals de la seva responsabilitat, i manifestament amb els principis descrits en l&#8217;article 5 del GDPR, pels quals s\u00f3n tractats de manera l\u00edcita, lleial i transparent en relaci\u00f3 amb l&#8217;interessat i adequats, pertinents i limitats al necessari en relaci\u00f3 amb els fins per als quals s\u00f3n tractats.<br \/><br \/>El RESPONSABLE garanteix que ha implementat pol\u00edtiques t\u00e8cniques i organitzatives apropiades per a aplicar les mesures de seguretat que estableixen el GDPR i la LOPDGDD amb la finalitat de protegir els drets i llibertats dels USUARIS i els ha comunicat la informaci\u00f3 adequada perqu\u00e8 puguin exercir-los.<br \/><br \/>Per a m\u00e9s informaci\u00f3 sobre les garanties de privacitat, pots dirigir-te al RESPONSABLE a trav\u00e9s de NEMEA NETEGES, SL. CARRER ORLEANS \u2013 PARCEL\u00b7LA 62 NAU 7 (POL. IND.) \u2013 43870 AMPOSTA (Tarragona). E-mail: info@nemea.cat<\/p>\r\n<p>[\/vc_column_text][\/vc_column][\/vc_row]<\/p>\r\n<!-- \/wp:paragraph<\/div>","protected":false},"excerpt":{"rendered":"<p>[vc_row][vc_column][vc_column_text] INFORMACI\u00d3 A L&#8217;USUARI Qui \u00e9s el responsable del tractament de les teves dades personals? NEMEA NETEGES, SL.\u00a0\u00e9s el\u00a0RESPONSABLE\u00a0del tractament de les dades personals de l&#8217;USUARI i l&#8217;informa que aquestes dades seran tractades de conformitat amb el que es disposa en el Reglament (UE) 2016\/679, de 27 d&#8217;abril (GDPR), i la Llei org\u00e0nica 3\/2018, de [&hellip;]<\/p>\n","protected":false},"author":1,"featured_media":0,"parent":0,"menu_order":0,"comment_status":"closed","ping_status":"closed","template":"","meta":{"_acf_changed":false,"om_disable_all_campaigns":false,"_monsterinsights_skip_tracking":false,"_monsterinsights_sitenote_active":false,"_monsterinsights_sitenote_note":"","_monsterinsights_sitenote_category":0,"footnotes":""},"class_list":["post-1016","page","type-page","status-publish","hentry"],"acf":[],"aioseo_notices":[],"_links":{"self":[{"href":"https:\/\/www.nemeaneteges.cat\/es\/wp-json\/wp\/v2\/pages\/1016","targetHints":{"allow":["GET"]}}],"collection":[{"href":"https:\/\/www.nemeaneteges.cat\/es\/wp-json\/wp\/v2\/pages"}],"about":[{"href":"https:\/\/www.nemeaneteges.cat\/es\/wp-json\/wp\/v2\/types\/page"}],"author":[{"embeddable":true,"href":"https:\/\/www.nemeaneteges.cat\/es\/wp-json\/wp\/v2\/users\/1"}],"replies":[{"embeddable":true,"href":"https:\/\/www.nemeaneteges.cat\/es\/wp-json\/wp\/v2\/comments?post=1016"}],"version-history":[{"count":4,"href":"https:\/\/www.nemeaneteges.cat\/es\/wp-json\/wp\/v2\/pages\/1016\/revisions"}],"predecessor-version":[{"id":1175,"href":"https:\/\/www.nemeaneteges.cat\/es\/wp-json\/wp\/v2\/pages\/1016\/revisions\/1175"}],"wp:attachment":[{"href":"https:\/\/www.nemeaneteges.cat\/es\/wp-json\/wp\/v2\/media?parent=1016"}],"curies":[{"name":"wp","href":"https:\/\/api.w.org\/{rel}","templated":true}]}}