{"id":1017,"date":"2020-12-14T01:49:08","date_gmt":"2020-12-14T01:49:08","guid":{"rendered":"https:\/\/www.nemeaneteges.cat\/home\/"},"modified":"2022-12-27T12:00:38","modified_gmt":"2022-12-27T12:00:38","slug":"home","status":"publish","type":"page","link":"https:\/\/www.nemeaneteges.cat\/es\/","title":{"rendered":"Home"},"content":{"rendered":"<div class=\"wpb-content-wrapper\"><p>[vc_row disable_element=\u00bbyes\u00bb conditional_render=\u00bb%5B%7B%22value_role%22%3A%22administrator%22%7D%5D\u00bb][vc_column][\/vc_column][\/vc_row][vc_row no_padding=\u00bbyes\u00bb css=\u00bb.vc_custom_1643241994227{background: #f7f7f7 url(\/\/nemeaneteges.cat\/wp-content\/uploads\/2022\/12\/ndustry-background-1-1.jpg) !important;background-position: center !important;background-repeat: no-repeat !important;background-size: cover !important;}\u00bb el_class=\u00bbhome-intro-section\u00bb][vc_column css=\u00bb.vc_custom_1643242007403{padding-top: 3rem !important;padding-bottom: 3rem !important;}\u00bb][vc_raw_html el_class=\u00bbmb-0 tri-bottom\u00bb]JTNDc3ZnJTIwdmVyc2lvbiUzRCUyMjEuMSUyMiUyMHhtbG5zJTNEJTIyaHR0cCUzQSUyRiUyRnd3dy53My5vcmclMkYyMDAwJTJGc3ZnJTIyJTIweG1sbnMlM0F4bGluayUzRCUyMmh0dHAlM0ElMkYlMkZ3d3cudzMub3JnJTJGMTk5OSUyRnhsaW5rJTIyJTIweCUzRCUyMjBweCUyMiUyMHklM0QlMjIwcHglMjIlMjB2aWV3Qm94JTNEJTIyMCUyMDAlMjAyMDAwJTIwMTIwJTIyJTIwcHJlc2VydmVBc3BlY3RSYXRpbyUzRCUyMm5vbmUlMjIlM0UlMEElMDklM0Nwb2x5Z29uJTIwZmlsbCUzRCUyMiUyM0ZGRiUyMiUyMHBvaW50cyUzRCUyMi0xMSUyQzIlMjA2OTMlMkMxMTIlMjAyMDE5JTJDNiUyMDIwMTklMkMxMzUlMjAtMTElMkMxMzUlMjAlMjIlM0UlM0MlMkZwb2x5Z29uJTNFJTBBJTNDJTJGc3ZnJTNF[\/vc_raw_html]<div class=\"porto-container container pc-container-absolute-centered-x d-none d-sm-block \">[vc_single_image image=\u00bb849&#8243; img_size=\u00bbfull\u00bb alignment=\u00bbright\u00bb animation_delay=\u00bb500&#8243; el_class=\u00bbmb-0 box-shadow-4 bottom-10&#8243; animation_type=\u00bbfadeInRight\u00bb]<\/div>[vc_row_inner el_class=\u00bbmb-5&#8243;][vc_column_inner el_class=\u00bbcol-sm-9 text-center text-sm-end z-index-0 px-5 px-sm-0 mt-5 mt-sm-0 pt-4 pt-sm-0&#8243; width=\u00bb2\/3&#8243; offset=\u00bbvc_col-lg-4 vc_col-md-7&#8243;]<div class=\"porto-ultimate-content-box-container intro-banner\"><style>.porto_ucb_21b6bf01188be9ba0119a2cb5c097588{will-change: box-shadow;box-shadow: none;}.porto_ucb_21b6bf01188be9ba0119a2cb5c097588:hover{box-shadow:none}<\/style><div class=\"porto-ultimate-content-box vc_custom_1662590750767 porto_ucb_21b6bf01188be9ba0119a2cb5c097588\" style=\"background-color:#f7f7f7;\" data-bg=\"#f7f7f7\">[vc_empty_space height=\u00bb16px\u00bb el_class=\u00bbmy-5 d-none d-sm-block\u00bb][vc_custom_heading text=\u00bbLimpieza Industrial\u00bb font_container=\u00bbtag:h2|font_size:2.75em|text_align:left|line_height:1.1&#8243; use_theme_fonts=\u00bbyes\u00bb font_weight=\u00bb600&#8243; animation_delay=\u00bb300&#8243; el_class=\u00bbpt-sm-5 text-center text-sm-end mb-0&#8243; animation_type=\u00bbfadeInUp\u00bb][vc_custom_heading text=\u00bbNEMEA\u00bb font_container=\u00bbtag:h4|font_size:3.25rem|text_align:justify|line_height:1.2&#8243; use_theme_fonts=\u00bbyes\u00bb font_weight=\u00bb800&#8243; animation_delay=\u00bb500&#8243; el_class=\u00bbmb-3 text-center text-sm-end\u00bb animation_type=\u00bbfadeInUp\u00bb][vc_custom_heading text=\u00bbTu aliado de confianza para los servicios auxiliares de limpieza industrial.\u00bb font_container=\u00bbtag:p|font_size:1.4em|text_align:justify\u00bb use_theme_fonts=\u00bbyes\u00bb animation_delay=\u00bb700&#8243; el_class=\u00bbtext-center text-sm-end\u00bb animation_type=\u00bbfadeInUp\u00bb]<div class=\"porto-animation\"  data-appear-animation=\"fadeInUp\" data-appear-animation-delay=\"900\">[vc_btn title=\u00bbNuestros servicios\u00bb btn_fw=\u00bb700&#8243; animation_delay=\u00bb900&#8243; link=\u00bburl:https%3A%2F%2Fwww.nemeaneteges.cat%2Fes%2Fservicios%2F|title:Servicios\u00bb el_class=\u00bbbtn-borders-triangle mb-0 mb-sm-5&#8243;]<\/div><div class=\"porto-ibanner interactive-banner-wrap-07dd21040fa50768c9d370ae74e47015 pc-hero-sub-images-style-1 mb-0\" style=\"min-height:323px;\"><img loading=\"lazy\" decoding=\"async\" alt=\"\" width=\"661\" height=\"334\" class=\"porto-ibanner-img\" src=\"https:\/\/www.nemeaneteges.cat\/wp-content\/uploads\/2022\/12\/industry-hero-2-1.jpg\" srcset=\"https:\/\/www.nemeaneteges.cat\/wp-content\/uploads\/2022\/12\/industry-hero-2-1.jpg 661w, https:\/\/www.nemeaneteges.cat\/wp-content\/uploads\/2022\/12\/industry-hero-2-1-640x323.jpg 640w\" sizes=\"auto, (max-width: 661px) 100vw, 661px\"><div class=\"porto-ibanner-desc no-padding d-flex\"><div class=\"porto-ibanner-layer pc-hero-sub-images-shadow wpb_custom_2c5109c031829f9c54153ed0e6239ff6 banner-pos-74687b992837363fcec4731ac23d11bf\" style=\"width:0px;height:60%;\"><style>.banner-pos-74687b992837363fcec4731ac23d11bf {left:0%;right: unset;bottom:0%; top: unset;}<\/style><\/div><\/div><\/div>[vc_empty_space height=\u00bb16px\u00bb]<\/div><\/div>[\/vc_column_inner][\/vc_row_inner][\/vc_column][\/vc_row][vc_row wrap_container=\u00bbyes\u00bb el_class=\u00bbpy-4 my-5&#8243;][vc_column offset=\u00bbvc_col-md-6&#8243;]<div class=\"porto-animation overflow-hidden pb-1\" >[vc_custom_heading text=\u00bbNEMEA &#8211; Limpiezas industriales, comerciales y otros\u00bb font_container=\u00bbtag:h2|font_size:3em|text_align:left|line_height:1.2&#8243; use_theme_fonts=\u00bbyes\u00bb animation_delay=\u00bb200&#8243; el_class=\u00bbmb-0&#8243; animation_type=\u00bbmaskUp\u00bb]<\/div><div class=\"porto-animation overflow-hidden mb-3\" >[vc_custom_heading text=\u00bbBIENVENIDOS\u00bb font_container=\u00bbtag:h3|font_size:1.2em|text_align:left\u00bb use_theme_fonts=\u00bbyes\u00bb text_transform=\u00bbtext-uppercase\u00bb font_weight=\u00bb500&#8243; skin=\u00bbprimary\u00bb letter_spacing=\u00bb2.5px\u00bb animation_delay=\u00bb400&#8243; el_class=\u00bbmb-0&#8243; animation_type=\u00bbmaskUp\u00bb]<\/div>[vc_custom_heading text=\u00bbGracias a nuestra s\u00f3lida trayectoria, estamos en capacidad de sanear espacios p\u00fablicos, oficinas, comercios, f\u00e1bricas, y otros inmuebles. Nos aseguramos de dejar tus instalaciones en las condiciones \u00f3ptimas para su agradable uso.\u00bb font_container=\u00bbtag:p|font_size:1.4em|text_align:left|line_height:1.7&#8243; use_theme_fonts=\u00bbyes\u00bb animation_delay=\u00bb600&#8243; el_class=\u00bbmb-0 custom-font1&#8243; animation_type=\u00bbfadeInUp\u00bb][\/vc_column][vc_column offset=\u00bbvc_col-md-6&#8243;][vc_custom_heading text=\u00bbDedicados a brindar una \u00f3ptima limpieza industrial, por el bien de tu personal y de tu entorno. Sea cual sea tu industria tenemos las mejores soluciones preventivas de limpieza y mantenimiento.Si algo hemos aprendido de la COVID-19 ha sido darle a la desinfecci\u00f3n la importancia que se merece.\u00bb font_container=\u00bbtag:p|text_align:left\u00bb use_theme_fonts=\u00bbyes\u00bb animation_delay=\u00bb450&#8243; el_class=\u00bbpt-3 pb-1 mb-3&#8243; animation_type=\u00bbfadeInUp\u00bb]<div class=\"porto-animation\"  data-appear-animation=\"fadeInUp\" data-appear-animation-delay=\"650\"><div class=\"porto-sicon-box d-inline-block custom-read-more mb-0  wpb_custom_e7afdd9ceef6171d7f78ec726521027a style_1 heading-right-icon\"><div class=\"porto-sicon-header\"><a class=\"porto-sicon-box-link\" href=\"https:\/\/www.nemeaneteges.cat\/es\/sobre-nosotros\/\" title='Sobre Nosotros'><h6 class=\"porto-sicon-title\" style=\"font-weight:600;font-size:.8rem;color:#06cc19;letter-spacing:0;\">Sobre nosotros<\/h6><\/a><\/div> <!-- header --><div class=\"porto-sicon-heading-right\" ><div class=\"porto-just-icon-wrapper porto-icon none\" style=\"color:#3ed806;font-size:14px;\"><i class=\"porto-icon-arrow-forward-right\"><\/i><\/div><\/div><\/div><!-- porto-sicon-box --><\/div>[\/vc_column][\/vc_row][vc_row no_padding=\u00bbyes\u00bb css=\u00bb.vc_custom_1608009292261{background-color: #f7f7f7 !important;}\u00bb][vc_column el_class=\u00bbz-index-2 pt-5&#8243;][vc_raw_html el_class=\u00bbmb-0 tri-top\u00bb]JTNDc3ZnJTIwdmVyc2lvbiUzRCUyMjEuMSUyMiUyMHhtbG5zJTNEJTIyaHR0cCUzQSUyRiUyRnd3dy53My5vcmclMkYyMDAwJTJGc3ZnJTIyJTIweG1sbnMlM0F4bGluayUzRCUyMmh0dHAlM0ElMkYlMkZ3d3cudzMub3JnJTJGMTk5OSUyRnhsaW5rJTIyJTIweCUzRCUyMjBweCUyMiUyMHklM0QlMjIwcHglMjIlMjB2aWV3Qm94JTNEJTIyMCUyMDAlMjAyMDAwJTIwMTIwJTIyJTIwcHJlc2VydmVBc3BlY3RSYXRpbyUzRCUyMm5vbmUlMjIlM0UlMEElMDklM0Nwb2x5Z29uJTIwZmlsbCUzRCUyMiUyM0ZGRiUyMiUyMHBvaW50cyUzRCUyMi0xMSUyQzIlMjA2OTMlMkMxMTIlMjAyMDE5JTJDNiUyMDIwMTklMkMxMzUlMjAtMTElMkMxMzUlMjAlMjIlM0UlM0MlMkZwb2x5Z29uJTNFJTBBJTNDJTJGc3ZnJTNF[\/vc_raw_html]<div class=\"porto-container container pt-3 mt-5 \"><div class=\"porto-animation overflow-hidden\" >[vc_custom_heading text=\u00bbNEMEA &#8211; LIMPIEZA INDUSTRIAL\u00bb font_container=\u00bbtag:h3|font_size:1.2em|text_align:center|line_height:42px\u00bb use_theme_fonts=\u00bbyes\u00bb font_weight=\u00bb500&#8243; skin=\u00bbprimary\u00bb letter_spacing=\u00bb2.5px\u00bb animation_delay=\u00bb200&#8243; el_class=\u00bbmb-0&#8243; animation_type=\u00bbmaskUp\u00bb]<\/div><div class=\"porto-animation overflow-hidden mb-3\" >[vc_custom_heading text=\u00bbServicios que podemos aportar\u00bb font_container=\u00bbtag:h2|font_size:2.5em|text_align:center|line_height:1.2&#8243; use_theme_fonts=\u00bbyes\u00bb font_weight=\u00bb700&#8243; animation_delay=\u00bb400&#8243; el_class=\u00bbmb-0&#8243; animation_type=\u00bbmaskUp\u00bb]<\/div>[vc_custom_heading text=\u00bbContamos con los mejores especialistas y medios para conseguir excelentes resultados.\u00bb font_container=\u00bbtag:p|font_size:1.4em|text_align:center|line_height:1.7&#8243; use_theme_fonts=\u00bbyes\u00bb animation_delay=\u00bb600&#8243; el_class=\u00bbmb-5 custom-font1 px-0 col-lg-9 col-xl-8 mx-auto\u00bb animation_type=\u00bbfadeInUp\u00bb]<div class=\"porto-carousel owl-carousel has-ccols has-ccols-spacing ccols-xl-3 ccols-lg-4 ccols-md-3 ccols-sm-2 ccols-1 stage-margin wpb_custom_324659f3639fc50e0d07e21da55ccd7b nav-pos-inside nav-style-1\" data-plugin-options=\"{&quot;themeConfig&quot;:true,&quot;stagePadding&quot;:75,&quot;margin&quot;:20,&quot;autoplay&quot;:false,&quot;mouseDrag&quot;:true,&quot;touchDrag&quot;:true,&quot;autoplayTimeout&quot;:5000,&quot;autoplayHoverPause&quot;:false,&quot;items&quot;:3,&quot;xl&quot;:3,&quot;lg&quot;:4,&quot;md&quot;:3,&quot;sm&quot;:2,&quot;xs&quot;:1,&quot;nav&quot;:&quot;yes&quot;,&quot;dots&quot;:false,&quot;animateIn&quot;:&quot;&quot;,&quot;animateOut&quot;:&quot;&quot;,&quot;loop&quot;:false,&quot;center&quot;:false,&quot;video&quot;:false,&quot;lazyLoad&quot;:false,&quot;fullscreen&quot;:false}\"><div class=\"porto-ultimate-content-box-container pc-thumb-info-style-1\"><style>.porto_ucb_e1b343c86e150cae53e77091f285db69{will-change: box-shadow;box-shadow: none;}.porto_ucb_e1b343c86e150cae53e77091f285db69:hover{box-shadow:none}<\/style><a aria-label=\"Anchor of Ultimate Content Box Container\" class=\"porto-ultimate-content-box-anchor\" href=\"https:\/\/www.nemeaneteges.cat\/es\/servicios\/instalaciones-industriales\/\" title='Limpieza instalaciones industriales'  ><div class=\"porto-ultimate-content-box porto_ucb_e1b343c86e150cae53e77091f285db69\" style=\"\">[vc_single_image image=\u00bb467&#8243; img_size=\u00bbfull\u00bb alignment=\u00bbcenter\u00bb el_class=\u00bbmb-0 custom-thumb-info-icon\u00bb css=\u00bb.vc_custom_1671456010473{padding-top: 2.5rem !important;padding-bottom: 2.5rem !important;}\u00bb][vc_single_image image=\u00bb870&#8243; img_size=\u00bbfull\u00bb alignment=\u00bbcenter\u00bb el_class=\u00bbmb-3 thumb-info-wrapper\u00bb][vc_custom_heading text=\u00bbLimpieza de instalaciones industriales\u00bb font_container=\u00bbtag:h4|font_size:1.125rem|text_align:center\u00bb use_theme_fonts=\u00bbyes\u00bb font_weight=\u00bb600&#8243; el_class=\u00bbmb-0&#8243; link=\u00bburl:https%3A%2F%2Fwww.nemeaneteges.cat%2Fes%2Fservicios%2Finstalaciones-industriales%2F|title:Limpieza%20de%20instalaciones%20industriales\u00bb]<\/div><\/a><\/div><div class=\"porto-ultimate-content-box-container pc-thumb-info-style-1\"><style>.porto_ucb_e1b343c86e150cae53e77091f285db69{will-change: box-shadow;box-shadow: none;}.porto_ucb_e1b343c86e150cae53e77091f285db69:hover{box-shadow:none}<\/style><a aria-label=\"Anchor of Ultimate Content Box Container\" class=\"porto-ultimate-content-box-anchor\" href=\"https:\/\/www.nemeaneteges.cat\/es\/servicios\/oficinas-residencias\/\" title='Limpieza de oficinas y residencias'  ><div class=\"porto-ultimate-content-box porto_ucb_e1b343c86e150cae53e77091f285db69\" style=\"\">[vc_single_image image=\u00bb469&#8243; img_size=\u00bbfull\u00bb alignment=\u00bbcenter\u00bb el_class=\u00bbmb-0 custom-thumb-info-icon\u00bb css=\u00bb.vc_custom_1671545140958{padding-top: 2.5rem !important;padding-bottom: 2.5rem !important;}\u00bb][vc_single_image image=\u00bb873&#8243; img_size=\u00bbfull\u00bb alignment=\u00bbcenter\u00bb el_class=\u00bbmb-3 thumb-info-wrapper\u00bb][vc_custom_heading text=\u00bbLimpieza de oficinas y residenciales\u00bb font_container=\u00bbtag:h4|font_size:1.125rem|text_align:center\u00bb use_theme_fonts=\u00bbyes\u00bb font_weight=\u00bb600&#8243; el_class=\u00bbmb-0&#8243; link=\u00bburl:https%3A%2F%2Fwww.nemeaneteges.cat%2Fes%2Fservicios%2Foficinas-residencias%2F|title:Limpieza%20de%20edificios%20de%20oficinas%20y%20residenciales\u00bb]<\/div><\/a><\/div><div class=\"porto-ultimate-content-box-container pc-thumb-info-style-1\"><style>.porto_ucb_e1b343c86e150cae53e77091f285db69{will-change: box-shadow;box-shadow: none;}.porto_ucb_e1b343c86e150cae53e77091f285db69:hover{box-shadow:none}<\/style><a aria-label=\"Anchor of Ultimate Content Box Container\" class=\"porto-ultimate-content-box-anchor\" href=\"https:\/\/www.nemeaneteges.cat\/es\/servicios\/establecimientos-comerciales\/\" title='Limpieza de establecimientos comerciales'  ><div class=\"porto-ultimate-content-box porto_ucb_e1b343c86e150cae53e77091f285db69\" style=\"\">[vc_single_image image=\u00bb468&#8243; img_size=\u00bbfull\u00bb alignment=\u00bbcenter\u00bb el_class=\u00bbmb-0 custom-thumb-info-icon\u00bb css=\u00bb.vc_custom_1671545111479{padding-top: 2.5rem !important;padding-bottom: 2.5rem !important;}\u00bb][vc_single_image image=\u00bb860&#8243; img_size=\u00bbfull\u00bb alignment=\u00bbcenter\u00bb el_class=\u00bbmb-3 thumb-info-wrapper\u00bb][vc_custom_heading text=\u00bbLimpieza de establecimientos comerciales\u00bb font_container=\u00bbtag:h4|font_size:1.125rem|text_align:center\u00bb use_theme_fonts=\u00bbyes\u00bb font_weight=\u00bb600&#8243; el_class=\u00bbmb-0&#8243; link=\u00bburl:https%3A%2F%2Fwww.nemeaneteges.cat%2Fes%2Fservicios%2Festablecimientos-comerciales%2F|title:Limpieza%20de%20establecimientos%20comerciales\u00bb]<\/div><\/a><\/div><\/div><\/div>[\/vc_column][\/vc_row][vc_row no_padding=\u00bbyes\u00bb el_class=\u00bbpc-section-shape-background py-5&#8243; css=\u00bb.vc_custom_1608028413837{background-color: #f7f7f7 !important;}\u00bb][vc_column][vc_custom_heading text=\u00bb\u00bb font_container=\u00bbtag:div|text_align:left\u00bb use_theme_fonts=\u00bbyes\u00bb el_class=\u00bbcustom-shape-divider z-index-1&#8243; css=\u00bb.vc_custom_1608028550795{padding-top: 65px !important;padding-bottom: 64px !important;}\u00bb]<div class=\"porto-container container position-relative z-index-2 mt-3 mb-5 \">[vc_row_inner content_placement=\u00bbmiddle\u00bb][vc_column_inner el_class=\u00bbpe-lg-5 mb-4 mb-lg-0&#8243; offset=\u00bbvc_col-md-6&#8243;][vc_single_image image=\u00bb720&#8243; img_size=\u00bbfull\u00bb animation_delay=\u00bb200&#8243; el_class=\u00bbmb-0 box-shadow-3&#8243; animation_type=\u00bbfadeInLeft\u00bb][\/vc_column_inner][vc_column_inner animation_delay=\u00bb500&#8243; offset=\u00bbvc_col-md-6&#8243; animation_type=\u00bbfadeInLeft\u00bb][vc_custom_heading text=\u00bb\u00bfQuieres trabjar con nosotros?\u00bb font_container=\u00bbtag:h3|font_size:1.2em|text_align:left|line_height:42px\u00bb use_theme_fonts=\u00bbyes\u00bb font_weight=\u00bb500&#8243; skin=\u00bbprimary\u00bb letter_spacing=\u00bb2.5px\u00bb animation_delay=\u00bb\u00bb el_class=\u00bbmb-0&#8243;][vc_custom_heading text=\u00bb\u00danete al equipo de Nemea\u00bb font_container=\u00bbtag:h2|font_size:2.5em|text_align:left|line_height:1.2&#8243; use_theme_fonts=\u00bbyes\u00bb font_weight=\u00bb700&#8243; animation_delay=\u00bb\u00bb el_class=\u00bbmb-3&#8243;][vc_custom_heading text=\u00bb\u00bfTe visualizas trabajando con nosotros? \u00bfEres una persona cuidadosa, entregada y te identificas con nuestra filosof\u00eda de trabajo? Te est\u00e1bamos esperando.\u00bb font_container=\u00bbtag:p|font_size:1.4em|text_align:left|line_height:1.7&#8243; use_theme_fonts=\u00bbyes\u00bb animation_delay=\u00bb\u00bb el_class=\u00bbcustom-font1 pb-3 mb-4&#8243;]<div class=\"porto-sicon-box mb-3  wpb_custom_1efe903570d178ff0a9b7bfa5febd3a4 style_1 default-icon\"><div class=\"porto-sicon-default\"><div class=\"porto-just-icon-wrapper porto-icon advanced\" style=\"color:#222529;border-style:solid;border-color:#e9e9e9;border-width:1px;width:28px;height:28px;line-height:28px;border-radius:15px;font-size:18px;margin-right:10px;\"><i class=\"fas fa-check\"><\/i><\/div><\/div><div class=\"porto-sicon-header\"><h5 class=\"porto-sicon-title\" style=\"font-weight:600;font-size:14px;letter-spacing:0;\">Operario de limpieza<\/h5><\/div> <!-- header --><\/div><!-- porto-sicon-box --><div class=\"porto-sicon-box mb-3  wpb_custom_1efe903570d178ff0a9b7bfa5febd3a4 style_1 default-icon\"><div class=\"porto-sicon-default\"><div class=\"porto-just-icon-wrapper porto-icon advanced\" style=\"color:#222529;border-style:solid;border-color:#e9e9e9;border-width:1px;width:28px;height:28px;line-height:28px;border-radius:15px;font-size:18px;margin-right:10px;\"><i class=\"fas fa-check\"><\/i><\/div><\/div><div class=\"porto-sicon-header\"><h5 class=\"porto-sicon-title\" style=\"font-weight:600;font-size:14px;letter-spacing:0;\">Especialista<\/h5><\/div> <!-- header --><\/div><!-- porto-sicon-box --><div class=\"porto-sicon-box mb-3  wpb_custom_1efe903570d178ff0a9b7bfa5febd3a4 style_1 default-icon\"><div class=\"porto-sicon-default\"><div class=\"porto-just-icon-wrapper porto-icon advanced\" style=\"color:#222529;border-style:solid;border-color:#e9e9e9;border-width:1px;width:28px;height:28px;line-height:28px;border-radius:15px;font-size:18px;margin-right:10px;\"><i class=\"fas fa-check\"><\/i><\/div><\/div><div class=\"porto-sicon-header\"><h5 class=\"porto-sicon-title\" style=\"font-weight:600;font-size:14px;letter-spacing:0;\">Otros<\/h5><\/div> <!-- header --><\/div><!-- porto-sicon-box --><div class=\"porto-sicon-box align-self-start custom-read-more mb-0  wpb_custom_c2d3d00ace2498cc08dc8f8590758c81 style_1 heading-right-icon\"><div class=\"porto-sicon-header\"><a class=\"porto-sicon-box-link\" href=\"https:\/\/www.nemeaneteges.cat\/es\/empleo\/\" title='Empleo'><h6 class=\"porto-sicon-title\" style=\"font-weight:600;font-size:.8rem;color:#05b208;letter-spacing:0;\">\u00danete al equipo<\/h6><\/a><\/div> <!-- header --><div class=\"porto-sicon-heading-right\" ><div class=\"porto-just-icon-wrapper porto-icon none\" style=\"color:#06dd18;font-size:14px;\"><i class=\"porto-icon-arrow-forward-right\"><\/i><\/div><\/div><\/div><!-- porto-sicon-box -->[\/vc_column_inner][\/vc_row_inner]<\/div>[\/vc_column][\/vc_row][vc_row content_placement=\u00bbmiddle\u00bb wrap_container=\u00bbyes\u00bb css=\u00bb.vc_custom_1671456552891{padding-top: 5.5rem !important;padding-bottom: 5.5rem !important;background: #29c605 url(\/\/sw-themes.com\/porto_dummy\/wp-content\/uploads\/2020\/12\/industry-background-2.jpg?id=125) !important;background-position: center !important;background-repeat: no-repeat !important;background-size: cover !important;}\u00bb el_class=\u00bboverlay-primary\u00bb conditional_render=\u00bb%5B%7B%22value_role%22%3A%22administrator%22%7D%5D\u00bb][vc_column width=\u00bb2\/3&#8243; el_class=\u00bbmb-4 mb-lg-0&#8243; offset=\u00bbvc_col-md-9&#8243;][vc_custom_heading text=\u00bb\u00bfQuieres comprobar con tus propios ojos nuestros resultados?<br \/>\nP\u00eddenos presupuesto sin ning\u00fan compromiso.\u00bb font_container=\u00bbtag:h3|font_size:2.2em|text_align:left|line_height:1.3636&#8243; use_theme_fonts=\u00bbyes\u00bb font_weight=\u00bb700&#8243; skin=\u00bblight\u00bb letter_spacing=\u00bb.16em\u00bb el_class=\u00bbmb-0&#8243;][\/vc_column][vc_column offset=\u00bbvc_col-md-3&#8243;][vc_btn title=\u00bbMe Interesa\u00bb style=\u00bbmodern\u00bb size=\u00bblg\u00bb align=\u00bbleft\u00bb skin=\u00bblight\u00bb btn_fw=\u00bb700&#8243; animation_delay=\u00bb900&#8243; link=\u00bburl:https%3A%2F%2Fwww.nemeaneteges.cat%2Fes%2Fpresupuesto%2F|title:Presupuesto\u00bb el_class=\u00bbbtn-triangle text-lg-end mb-0&#8243;][\/vc_column][vc_column offset=\u00bbvc_col-md-3&#8243;][\/vc_column][\/vc_row][vc_row content_placement=\u00bbmiddle\u00bb wrap_container=\u00bbyes\u00bb el_class=\u00bbpy-5 my-4&#8243;][vc_column el_class=\u00bbpe-lg-5 mb-4 mb-lg-0&#8243; offset=\u00bbvc_col-md-6&#8243;][vc_single_image image=\u00bb876&#8243; img_size=\u00bbfull\u00bb][\/vc_column][vc_column offset=\u00bbvc_col-md-6&#8243;]<div class=\"porto-animation overflow-hidden\" >[vc_custom_heading text=\u00bbNEMEA &#8211; LIMPIEZAS INDUSTRIALES\u00bb font_container=\u00bbtag:h3|font_size:1.2em|text_align:left|line_height:42px\u00bb use_theme_fonts=\u00bbyes\u00bb font_weight=\u00bb500&#8243; skin=\u00bbprimary\u00bb letter_spacing=\u00bb2.5px\u00bb animation_delay=\u00bb200&#8243; el_class=\u00bbmb-0&#8243; animation_type=\u00bbmaskUp\u00bb]<\/div><div class=\"porto-animation overflow-hidden mb-3\" >[vc_custom_heading text=\u00bbEl esmero en nuestras labores se traduce en una mayor productividad para los clientes que nos conf\u00edan.\u00bb font_container=\u00bbtag:h2|font_size:2.5em|text_align:left|line_height:1.2&#8243; use_theme_fonts=\u00bbyes\u00bb font_weight=\u00bb700&#8243; animation_delay=\u00bb400&#8243; el_class=\u00bbmb-0&#8243; animation_type=\u00bbmaskUp\u00bb]<\/div>[vc_custom_heading text=\u00bbTu aliado de confianza para los servicios auxiliares de limpieza industrial.\u00bb font_container=\u00bbtag:p|font_size:1.4em|text_align:left|line_height:1.7&#8243; use_theme_fonts=\u00bbyes\u00bb animation_delay=\u00bb600&#8243; el_class=\u00bbmb-4 custom-font1&#8243; animation_type=\u00bbfadeInUp\u00bb][\/vc_column][\/vc_row]<\/p>\n<\/div>","protected":false},"excerpt":{"rendered":"<p>[vc_row disable_element=\u00bbyes\u00bb conditional_render=\u00bb%5B%7B%22value_role%22%3A%22administrator%22%7D%5D\u00bb][vc_column][\/vc_column][\/vc_row][vc_row no_padding=\u00bbyes\u00bb css=\u00bb.vc_custom_1643241994227{background: #f7f7f7 url(\/\/nemeaneteges.cat\/wp-content\/uploads\/2022\/12\/ndustry-background-1-1.jpg) !important;background-position: center !important;background-repeat: no-repeat !important;background-size: cover !important;}\u00bb el_class=\u00bbhome-intro-section\u00bb][vc_column css=\u00bb.vc_custom_1643242007403{padding-top: 3rem !important;padding-bottom: 3rem !important;}\u00bb][vc_raw_html el_class=\u00bbmb-0 tri-bottom\u00bb]JTNDc3ZnJTIwdmVyc2lvbiUzRCUyMjEuMSUyMiUyMHhtbG5zJTNEJTIyaHR0cCUzQSUyRiUyRnd3dy53My5vcmclMkYyMDAwJTJGc3ZnJTIyJTIweG1sbnMlM0F4bGluayUzRCUyMmh0dHAlM0ElMkYlMkZ3d3cudzMub3JnJTJGMTk5OSUyRnhsaW5rJTIyJTIweCUzRCUyMjBweCUyMiUyMHklM0QlMjIwcHglMjIlMjB2aWV3Qm94JTNEJTIyMCUyMDAlMjAyMDAwJTIwMTIwJTIyJTIwcHJlc2VydmVBc3BlY3RSYXRpbyUzRCUyMm5vbmUlMjIlM0UlMEElMDklM0Nwb2x5Z29uJTIwZmlsbCUzRCUyMiUyM0ZGRiUyMiUyMHBvaW50cyUzRCUyMi0xMSUyQzIlMjA2OTMlMkMxMTIlMjAyMDE5JTJDNiUyMDIwMTklMkMxMzUlMjAtMTElMkMxMzUlMjAlMjIlM0UlM0MlMkZwb2x5Z29uJTNFJTBBJTNDJTJGc3ZnJTNF[\/vc_raw_html][vc_row_inner el_class=\u00bbmb-5&#8243;][vc_column_inner el_class=\u00bbcol-sm-9 text-center text-sm-end z-index-0 px-5 px-sm-0 mt-5 mt-sm-0 pt-4 pt-sm-0&#8243; width=\u00bb2\/3&#8243; offset=\u00bbvc_col-lg-4 vc_col-md-7&#8243;][\/vc_column_inner][\/vc_row_inner][\/vc_column][\/vc_row][vc_row wrap_container=\u00bbyes\u00bb el_class=\u00bbpy-4 my-5&#8243;][vc_column offset=\u00bbvc_col-md-6&#8243;][vc_custom_heading text=\u00bbGracias a nuestra s\u00f3lida trayectoria, estamos en capacidad de sanear espacios p\u00fablicos, oficinas, comercios, f\u00e1bricas, [&hellip;]<\/p>\n","protected":false},"author":1,"featured_media":0,"parent":0,"menu_order":0,"comment_status":"closed","ping_status":"closed","template":"","meta":{"_acf_changed":false,"om_disable_all_campaigns":false,"_monsterinsights_skip_tracking":false,"_monsterinsights_sitenote_active":false,"_monsterinsights_sitenote_note":"","_monsterinsights_sitenote_category":0,"footnotes":""},"class_list":["post-1017","page","type-page","status-publish","hentry"],"acf":[],"aioseo_notices":[],"_links":{"self":[{"href":"https:\/\/www.nemeaneteges.cat\/es\/wp-json\/wp\/v2\/pages\/1017","targetHints":{"allow":["GET"]}}],"collection":[{"href":"https:\/\/www.nemeaneteges.cat\/es\/wp-json\/wp\/v2\/pages"}],"about":[{"href":"https:\/\/www.nemeaneteges.cat\/es\/wp-json\/wp\/v2\/types\/page"}],"author":[{"embeddable":true,"href":"https:\/\/www.nemeaneteges.cat\/es\/wp-json\/wp\/v2\/users\/1"}],"replies":[{"embeddable":true,"href":"https:\/\/www.nemeaneteges.cat\/es\/wp-json\/wp\/v2\/comments?post=1017"}],"version-history":[{"count":8,"href":"https:\/\/www.nemeaneteges.cat\/es\/wp-json\/wp\/v2\/pages\/1017\/revisions"}],"predecessor-version":[{"id":1179,"href":"https:\/\/www.nemeaneteges.cat\/es\/wp-json\/wp\/v2\/pages\/1017\/revisions\/1179"}],"wp:attachment":[{"href":"https:\/\/www.nemeaneteges.cat\/es\/wp-json\/wp\/v2\/media?parent=1017"}],"curies":[{"name":"wp","href":"https:\/\/api.w.org\/{rel}","templated":true}]}}