{"id":1023,"date":"2022-12-19T09:01:00","date_gmt":"2022-12-19T09:01:00","guid":{"rendered":"https:\/\/www.nemeaneteges.cat\/mapa-web\/"},"modified":"2022-12-27T11:59:35","modified_gmt":"2022-12-27T11:59:35","slug":"mapa-web","status":"publish","type":"page","link":"https:\/\/www.nemeaneteges.cat\/es\/mapa-web\/","title":{"rendered":"Mapa Web"},"content":{"rendered":"<div class=\"wsp-container\"><h2 class=\"wsp-pages-title\">P\u00e1ginas<\/h2>\n<ul class=\"wsp-pages-list\">\n<li class=\"page_item page-item-498\"><a href=\"https:\/\/www.nemeaneteges.cat\/es\/contacto\/\">Contacto<\/a><\/li>\n<li class=\"page_item page-item-1019\"><a href=\"https:\/\/www.nemeaneteges.cat\/es\/empleo\/\">Empleo<\/a><\/li>\n<li class=\"page_item page-item-1017\"><a href=\"https:\/\/www.nemeaneteges.cat\/es\/\">Home<\/a><\/li>\n<li class=\"page_item page-item-1023\"><a href=\"https:\/\/www.nemeaneteges.cat\/es\/mapa-web\/\">Mapa Web<\/a><\/li>\n<li class=\"page_item page-item-1159\"><a href=\"https:\/\/www.nemeaneteges.cat\/es\/politica-de-cookies\/\">Pol\u00edtica de cookies<\/a><\/li>\n<li class=\"page_item page-item-1016\"><a href=\"https:\/\/www.nemeaneteges.cat\/es\/politica-de-privacidad\/\">Pol\u00edtica de privacidad<\/a><\/li>\n<li class=\"page_item page-item-1014\"><a href=\"https:\/\/www.nemeaneteges.cat\/es\/presupuesto\/\">Presupuesto<\/a><\/li>\n<li class=\"page_item page-item-1012 page_item_has_children\"><a href=\"https:\/\/www.nemeaneteges.cat\/es\/servicios\/\">Servicios<\/a>\n<ul class='children'>\n\t<li class=\"page_item page-item-1010\"><a href=\"https:\/\/www.nemeaneteges.cat\/es\/servicios\/establecimientos-comerciales\/\">Limpieza de establecimientos comerciales<\/a><\/li>\n\t<li class=\"page_item page-item-1008\"><a href=\"https:\/\/www.nemeaneteges.cat\/es\/servicios\/instalaciones-industriales\/\">Limpieza de instalaciones industriales<\/a><\/li>\n\t<li class=\"page_item page-item-499\"><a href=\"https:\/\/www.nemeaneteges.cat\/es\/servicios\/oficinas-residencias\/\">Limpieza de oficinas y residencias<\/a><\/li>\n<\/ul>\n<\/li>\n<li class=\"page_item page-item-1006\"><a href=\"https:\/\/www.nemeaneteges.cat\/es\/sobre-nosotros\/\">Sobre nosotros<\/a><\/li>\n<\/ul>\n<\/div>\n","protected":false},"excerpt":{"rendered":"P\u00e1ginas Contacto Empleo Home Mapa Web Pol\u00edtica de cookies Pol\u00edtica de privacidad Presupuesto Servicios Limpieza de establecimientos comerciales Limpieza de instalaciones industriales Limpieza de oficinas y residencias Sobre nosotros","protected":false},"author":1,"featured_media":0,"parent":0,"menu_order":0,"comment_status":"closed","ping_status":"closed","template":"","meta":{"_acf_changed":false,"om_disable_all_campaigns":false,"_monsterinsights_skip_tracking":false,"_monsterinsights_sitenote_active":false,"_monsterinsights_sitenote_note":"","_monsterinsights_sitenote_category":0,"footnotes":""},"class_list":["post-1023","page","type-page","status-publish","hentry"],"acf":[],"aioseo_notices":[],"_links":{"self":[{"href":"https:\/\/www.nemeaneteges.cat\/es\/wp-json\/wp\/v2\/pages\/1023","targetHints":{"allow":["GET"]}}],"collection":[{"href":"https:\/\/www.nemeaneteges.cat\/es\/wp-json\/wp\/v2\/pages"}],"about":[{"href":"https:\/\/www.nemeaneteges.cat\/es\/wp-json\/wp\/v2\/types\/page"}],"author":[{"embeddable":true,"href":"https:\/\/www.nemeaneteges.cat\/es\/wp-json\/wp\/v2\/users\/1"}],"replies":[{"embeddable":true,"href":"https:\/\/www.nemeaneteges.cat\/es\/wp-json\/wp\/v2\/comments?post=1023"}],"version-history":[{"count":1,"href":"https:\/\/www.nemeaneteges.cat\/es\/wp-json\/wp\/v2\/pages\/1023\/revisions"}],"predecessor-version":[{"id":1177,"href":"https:\/\/www.nemeaneteges.cat\/es\/wp-json\/wp\/v2\/pages\/1023\/revisions\/1177"}],"wp:attachment":[{"href":"https:\/\/www.nemeaneteges.cat\/es\/wp-json\/wp\/v2\/media?parent=1023"}],"curies":[{"name":"wp","href":"https:\/\/api.w.org\/{rel}","templated":true}]}}